{"id":11753,"date":"2023-08-20T09:52:06","date_gmt":"2023-08-20T09:52:06","guid":{"rendered":"https:\/\/salodebellesaangela.com\/declaracio-daccessibilitat\/"},"modified":"2023-10-05T11:57:29","modified_gmt":"2023-10-05T11:57:29","slug":"declaracion-de-accesibilidad","status":"publish","type":"page","link":"https:\/\/salodebellesaangela.com\/es\/declaracion-de-accesibilidad\/","title":{"rendered":"Declaraci\u00f3n de accesibilidad"},"content":{"rendered":"\t\t<div data-elementor-type=\"wp-page\" data-elementor-id=\"11753\" class=\"elementor elementor-11753 elementor-11191\">\n\t\t\t\t\t\t\t\t\t<section class=\"elementor-section elementor-top-section elementor-element elementor-element-5fe5a22a elementor-section-boxed elementor-section-height-default elementor-section-height-default\" data-id=\"5fe5a22a\" data-element_type=\"section\">\n\t\t\t\t\t\t<div class=\"elementor-container elementor-column-gap-default\">\n\t\t\t\t\t<div class=\"elementor-column elementor-col-100 elementor-top-column elementor-element elementor-element-3a4f1ba7\" data-id=\"3a4f1ba7\" data-element_type=\"column\">\n\t\t\t<div class=\"elementor-widget-wrap elementor-element-populated\">\n\t\t\t\t\t\t\t\t<div class=\"elementor-element elementor-element-4750b97 elementor-widget elementor-widget-text-editor\" data-id=\"4750b97\" data-element_type=\"widget\" data-widget_type=\"text-editor.default\">\n\t\t\t\t<div class=\"elementor-widget-container\">\n\t\t\t<style>\/*! elementor - v3.16.0 - 20-09-2023 *\/\n.elementor-widget-text-editor.elementor-drop-cap-view-stacked .elementor-drop-cap{background-color:#69727d;color:#fff}.elementor-widget-text-editor.elementor-drop-cap-view-framed .elementor-drop-cap{color:#69727d;border:3px solid;background-color:transparent}.elementor-widget-text-editor:not(.elementor-drop-cap-view-default) .elementor-drop-cap{margin-top:8px}.elementor-widget-text-editor:not(.elementor-drop-cap-view-default) .elementor-drop-cap-letter{width:1em;height:1em}.elementor-widget-text-editor .elementor-drop-cap{float:left;text-align:center;line-height:1;font-size:50px}.elementor-widget-text-editor .elementor-drop-cap-letter{display:inline-block}<\/style>\t\t\t\t\n<p><b>Serveis d\u2019Internet Javajan SL<\/b><span style=\"font-weight: 400;\">,\u00a0 se ha comprometido a hacer accesibles sus sitios web, de conformidad con el <\/span><a href=\"https:\/\/www.boe.es\/buscar\/act.php?id=BOE-A-2018-12699\"><b>Real Decreto 1112\/2018<\/b><\/a><span style=\"font-weight: 400;\">, de 7 de septiembre, sobre accesibilidad de los sitios web y aplicaciones para dispositivos m\u00f3viles, por la que se traspone al ordenamiento jur\u00eddico espa\u00f1ol la <\/span><a href=\"http:\/\/eur-lex.europa.eu\/legal-content\/ES\/TXT\/?uri=uriserv:OJ.L_.2016.327.01.0001.01.SPA&amp;toc=OJ:L:2016:327:FULL\"><span style=\"font-weight: 400;\">Directiva (UE) 2016\/2102 del Parlamento Europeo y del Consejo<\/span><\/a><span style=\"font-weight: 400;\">.<\/span><\/p>\n<p><span style=\"font-weight: 400;\">La presente declaraci\u00f3n de accesibilidad se aplica al web saloangela.predev.eu<\/span><\/p>\n<h2><span style=\"font-weight: 400;\">Situaci\u00f3n de cumplimiento<\/span><\/h2>\n<p><span style=\"font-weight: 400;\">Este sitio web es parcialmente<\/span><b> conforme<\/b><span style=\"font-weight: 400;\"> con el <\/span><a href=\"https:\/\/www.boe.es\/diario_boe\/txt.php?id=BOE-A-2018-12699\"><b>RD 1112\/2018<\/b><\/a><span style=\"font-weight: 400;\"> debido a las excepciones y a la falta de conformidad de los aspectos que se indican a continuaci\u00f3n.<\/span><\/p>\n<h2><span style=\"font-weight: 400;\">Contenido no accesible<\/span><\/h2>\n<p><span style=\"font-weight: 400;\">El contenido que se recoge a continuaci\u00f3n no es accesible por lo siguiente:<\/span><\/p>\n<ol>\n<li style=\"font-weight: 400;\" aria-level=\"1\"><b>Falta de conformidad con el RD 1112\/2018<\/b>\n<ul>\n<li style=\"font-weight: 400;\" aria-level=\"2\"><span style=\"font-weight: 400;\">Debido a la automatizaci\u00f3n de algunas de las publicaciones podr\u00edan existir p\u00e1ginas con un incorrecto anidamiento de etiquetas HTML.<\/span><\/li>\n<li style=\"font-weight: 400;\" aria-level=\"2\"><span style=\"font-weight: 400;\">Existen documentos en formato PDF que no cumplen con la normativa.<\/span><\/li>\n<li style=\"font-weight: 400;\" aria-level=\"2\"><span style=\"font-weight: 400;\">Podr\u00edan existir fallos puntuales de edici\u00f3n en alguna p\u00e1gina web.<\/span><\/li>\n<\/ul>\n<\/li>\n<li style=\"font-weight: 400;\" aria-level=\"1\"><b>Carga desproporcionada<\/b>\n<ul>\n<li style=\"font-weight: 400;\" aria-level=\"2\"><span style=\"font-weight: 400;\">No aplica.<\/span><\/li>\n<\/ul>\n<\/li>\n<li style=\"font-weight: 400;\" aria-level=\"1\"><b>Contenido que no entra dentro del \u00e1mbito de la legislaci\u00f3n aplicable<\/b>\n<ul>\n<li style=\"font-weight: 400;\" aria-level=\"2\"><span style=\"font-weight: 400;\">Archivos ofim\u00e1ticos en PDF u otros formatos, as\u00ed como aplicaciones publicadas antes del 20 de septiembre de 2018 que no cumplan en su totalidad todos los requisitos de accesibilidad.<\/span><\/li>\n<li style=\"font-weight: 400;\" aria-level=\"2\"><span style=\"font-weight: 400;\">Contenidos multimedia en directo.<\/span><\/li>\n<li style=\"font-weight: 400;\" aria-level=\"2\"><span style=\"font-weight: 400;\">Contenido multimedia pregrabado publicado antes de la entrada en vigor del Real Decreto.<\/span><\/li>\n<li style=\"font-weight: 400;\" aria-level=\"2\"><span style=\"font-weight: 400;\">Servicios de mapa en l\u00ednea.<\/span><\/li>\n<\/ul>\n<\/li>\n<\/ol>\n<h2><span style=\"font-weight: 400;\">Preparaci\u00f3n de la presente declaraci\u00f3n de accesibilidad<\/span><\/h2>\n<p><span style=\"font-weight: 400;\">La presente declaraci\u00f3n fue preparada el 23 de febrero de 2023 y est\u00e1 basada en los Informes de Accesibilidad Web del <\/span><a href=\"https:\/\/administracionelectronica.gob.es\/pae_Home\/pae_Estrategias\/pae_Accesibilidad.html\"><b>Observatorio de Accesibilidad<\/b><\/a><span style=\"font-weight: 400;\">.<\/span><\/p>\n<p><span style=\"font-weight: 400;\">La fecha de la \u00faltima revisi\u00f3n ha sido el 9 de agosto de 2023.<\/span><\/p>\n<h2><span style=\"font-weight: 400;\">Observaciones y datos de contacto<\/span><\/h2>\n<p><span style=\"font-weight: 400;\">Puede realizar <\/span><b>comunicaciones<\/b><span style=\"font-weight: 400;\"> sobre requisitos de accesibilidad (art\u00edculo 10.2 del RD 1112\/2018) como por ejemplo:<\/span><\/p>\n<ul>\n<li style=\"font-weight: 400;\" aria-level=\"1\"><span style=\"font-weight: 400;\">informar sobre cualquier posible incumplimiento por parte de este sitio web<\/span><\/li>\n<li style=\"font-weight: 400;\" aria-level=\"1\"><span style=\"font-weight: 400;\">transmitir otras <\/span><b>dificultades de acceso<\/b><span style=\"font-weight: 400;\"> al contenido<\/span><\/li>\n<li style=\"font-weight: 400;\" aria-level=\"1\"><span style=\"font-weight: 400;\">formular cualquier otra <\/span><b>consulta o sugerencia de mejora<\/b><span style=\"font-weight: 400;\"> relativa a la accesibilidad del sitio web<\/span><\/li>\n<\/ul>\n<p><span style=\"font-weight: 400;\">a trav\u00e9s del correo electr\u00f3nico <\/span><a href=\"mailto:info@javajan.com\"><span style=\"font-weight: 400;\">info@javajan.com<\/span><\/a><span style=\"font-weight: 400;\"> indicando en el asunto el nombre de la p\u00e1gina.<\/span><\/p>\n<h2><span style=\"font-weight: 400;\">Contenido opcional<\/span><\/h2>\n<p><span style=\"font-weight: 400;\">Este sitio web:<\/span><\/p>\n<ul>\n<li style=\"font-weight: 400;\" aria-level=\"1\"><span style=\"font-weight: 400;\">Se ha dise\u00f1ado adapt\u00e1ndose a los est\u00e1ndares y normativas vigentes en relaci\u00f3n a la accesibilidad, cumpliendo con los puntos de verificaci\u00f3n de prioridad 2 (AA) definidos en la especificaci\u00f3n de Pautas de Accesibilidad al Contenido en la Web (WCAG 2.1).<\/span><\/li>\n<li style=\"font-weight: 400;\" aria-level=\"1\"><span style=\"font-weight: 400;\">Cumple con los requisitos de la Norma <\/span><a href=\"https:\/\/administracionelectronica.gob.es\/pae_Home\/dam\/jcr:2352eaaf-2ee8-4501-a67b-bb682c6de934\/Norma_UNE-EN_301549.pdf\"><span style=\"font-weight: 400;\">UNE-EN 301549 v1.1.2:2015<\/span><\/a><span style=\"font-weight: 400;\">, considerando las excepciones del Real Decreto 1112\/2018.<\/span><\/li>\n<li style=\"font-weight: 400;\" aria-level=\"1\"><span style=\"font-weight: 400;\">Est\u00e1 dise\u00f1ado para su correcta visualizaci\u00f3n en dispositivos de escritorio, tablet y m\u00f3viles para una resoluci\u00f3n m\u00ednima de <\/span><b>1280&#215;1024<\/b><span style=\"font-weight: 400;\">.<\/span><\/li>\n<li style=\"font-weight: 400;\" aria-level=\"1\"><span style=\"font-weight: 400;\">Se ha realizado utilizando HTML5 como lenguaje de marcado y hojas de estilo CSS 3 para su dise\u00f1o.<\/span><\/li>\n<\/ul>\n<p id=\"E255\"><br \/><br \/><br \/><\/p>\n<ul><\/ul>\n\t\t\t\t\t\t<\/div>\n\t\t\t\t<\/div>\n\t\t\t\t\t<\/div>\n\t\t<\/div>\n\t\t\t\t\t\t\t<\/div>\n\t\t<\/section>\n\t\t\t\t\t\t\t<\/div>\n\t\t","protected":false},"excerpt":{"rendered":"<p>Serveis d\u2019Internet Javajan SL,\u00a0 se ha comprometido a hacer accesibles sus sitios web, de conformidad con el Real Decreto 1112\/2018, de 7 de septiembre, sobre accesibilidad de los sitios web y aplicaciones para dispositivos m\u00f3viles, por la que se traspone al ordenamiento jur\u00eddico espa\u00f1ol la Directiva (UE) 2016\/2102 del Parlamento Europeo y del Consejo. La [&hellip;]<\/p>\n","protected":false},"author":1,"featured_media":0,"parent":0,"menu_order":0,"comment_status":"closed","ping_status":"closed","template":"","meta":{"footnotes":""},"class_list":["post-11753","page","type-page","status-publish","hentry"],"yoast_head":"<!-- This site is optimized with the Yoast SEO plugin v21.3 - https:\/\/yoast.com\/wordpress\/plugins\/seo\/ -->\n<title>Declaraci\u00f3n de accesibilidad - Sal\u00f3 De Bellesa \u00c0ngela<\/title>\n<meta name=\"description\" content=\"Conegueu la declaraci\u00f3 d&#039;accessibilitat de Sal\u00f3 De Bellesa \u00c0ngela. Descobriu com garantim l&#039;accessibilitat del nostre lloc web.\" \/>\n<meta name=\"robots\" content=\"index, follow, max-snippet:-1, max-image-preview:large, max-video-preview:-1\" \/>\n<link rel=\"canonical\" href=\"https:\/\/salodebellesaangela.com\/es\/declaracion-de-accesibilidad\/\" \/>\n<meta property=\"og:locale\" content=\"es_ES\" \/>\n<meta property=\"og:type\" content=\"article\" \/>\n<meta property=\"og:title\" content=\"Declaraci\u00f3n de accesibilidad - Sal\u00f3 De Bellesa \u00c0ngela\" \/>\n<meta property=\"og:description\" content=\"Conegueu la declaraci\u00f3 d&#039;accessibilitat de Sal\u00f3 De Bellesa \u00c0ngela. Descobriu com garantim l&#039;accessibilitat del nostre lloc web.\" \/>\n<meta property=\"og:url\" content=\"https:\/\/salodebellesaangela.com\/es\/declaracion-de-accesibilidad\/\" \/>\n<meta property=\"og:site_name\" content=\"Sal\u00f3 De Bellesa \u00c0ngela\" \/>\n<meta property=\"article:publisher\" content=\"https:\/\/www.facebook.com\/salodebellesaangela\" \/>\n<meta property=\"article:modified_time\" content=\"2023-10-05T11:57:29+00:00\" \/>\n<meta name=\"twitter:card\" content=\"summary_large_image\" \/>\n<script type=\"application\/ld+json\" class=\"yoast-schema-graph\">{\"@context\":\"https:\/\/schema.org\",\"@graph\":[{\"@type\":\"WebPage\",\"@id\":\"https:\/\/salodebellesaangela.com\/es\/declaracion-de-accesibilidad\/\",\"url\":\"https:\/\/salodebellesaangela.com\/es\/declaracion-de-accesibilidad\/\",\"name\":\"Declaraci\u00f3n de accesibilidad - Sal\u00f3 De Bellesa \u00c0ngela\",\"isPartOf\":{\"@id\":\"https:\/\/salodebellesaangela.com\/#website\"},\"datePublished\":\"2023-08-20T09:52:06+00:00\",\"dateModified\":\"2023-10-05T11:57:29+00:00\",\"description\":\"Conegueu la declaraci\u00f3 d'accessibilitat de Sal\u00f3 De Bellesa \u00c0ngela. Descobriu com garantim l'accessibilitat del nostre lloc web.\",\"breadcrumb\":{\"@id\":\"https:\/\/salodebellesaangela.com\/es\/declaracion-de-accesibilidad\/#breadcrumb\"},\"inLanguage\":\"es\",\"potentialAction\":[{\"@type\":\"ReadAction\",\"target\":[\"https:\/\/salodebellesaangela.com\/es\/declaracion-de-accesibilidad\/\"]}]},{\"@type\":\"BreadcrumbList\",\"@id\":\"https:\/\/salodebellesaangela.com\/es\/declaracion-de-accesibilidad\/#breadcrumb\",\"itemListElement\":[{\"@type\":\"ListItem\",\"position\":1,\"name\":\"Portada\",\"item\":\"https:\/\/salodebellesaangela.com\/es\/\"},{\"@type\":\"ListItem\",\"position\":2,\"name\":\"Declaraci\u00f3n de accesibilidad\"}]},{\"@type\":\"WebSite\",\"@id\":\"https:\/\/salodebellesaangela.com\/#website\",\"url\":\"https:\/\/salodebellesaangela.com\/\",\"name\":\"Sal\u00f3 De Bellesa \u00c0ngela\",\"description\":\"Descobreix el Sal\u00f3 de Bellesa \u00c0ngela, el teu sal\u00f3 de bellesa de confian\u00e7a a Barcelona des del 1973. Oferim serveis d&#039;est\u00e8tica i salut, incloent manicures, pedicures, tractaments corporals i m\u00e9s.\",\"publisher\":{\"@id\":\"https:\/\/salodebellesaangela.com\/#organization\"},\"potentialAction\":[{\"@type\":\"SearchAction\",\"target\":{\"@type\":\"EntryPoint\",\"urlTemplate\":\"https:\/\/salodebellesaangela.com\/?s={search_term_string}\"},\"query-input\":\"required name=search_term_string\"}],\"inLanguage\":\"es\"},{\"@type\":\"Organization\",\"@id\":\"https:\/\/salodebellesaangela.com\/#organization\",\"name\":\"Sal\u00f3 De Bellesa \u00c0ngela\",\"url\":\"https:\/\/salodebellesaangela.com\/\",\"logo\":{\"@type\":\"ImageObject\",\"inLanguage\":\"es\",\"@id\":\"https:\/\/salodebellesaangela.com\/#\/schema\/logo\/image\/\",\"url\":\"https:\/\/salodebellesaangela.com\/wp-content\/uploads\/2023\/08\/cropped-logo_salon-e1692517003722.jpg\",\"contentUrl\":\"https:\/\/salodebellesaangela.com\/wp-content\/uploads\/2023\/08\/cropped-logo_salon-e1692517003722.jpg\",\"width\":125,\"height\":125,\"caption\":\"Sal\u00f3 De Bellesa \u00c0ngela\"},\"image\":{\"@id\":\"https:\/\/salodebellesaangela.com\/#\/schema\/logo\/image\/\"},\"sameAs\":[\"https:\/\/www.facebook.com\/salodebellesaangela\",\"https:\/\/www.instagram.com\/salodebellesaangela\/\"]}]}<\/script>\n<!-- \/ Yoast SEO plugin. -->","yoast_head_json":{"title":"Declaraci\u00f3n de accesibilidad - Sal\u00f3 De Bellesa \u00c0ngela","description":"Conegueu la declaraci\u00f3 d'accessibilitat de Sal\u00f3 De Bellesa \u00c0ngela. Descobriu com garantim l'accessibilitat del nostre lloc web.","robots":{"index":"index","follow":"follow","max-snippet":"max-snippet:-1","max-image-preview":"max-image-preview:large","max-video-preview":"max-video-preview:-1"},"canonical":"https:\/\/salodebellesaangela.com\/es\/declaracion-de-accesibilidad\/","og_locale":"es_ES","og_type":"article","og_title":"Declaraci\u00f3n de accesibilidad - Sal\u00f3 De Bellesa \u00c0ngela","og_description":"Conegueu la declaraci\u00f3 d'accessibilitat de Sal\u00f3 De Bellesa \u00c0ngela. Descobriu com garantim l'accessibilitat del nostre lloc web.","og_url":"https:\/\/salodebellesaangela.com\/es\/declaracion-de-accesibilidad\/","og_site_name":"Sal\u00f3 De Bellesa \u00c0ngela","article_publisher":"https:\/\/www.facebook.com\/salodebellesaangela","article_modified_time":"2023-10-05T11:57:29+00:00","twitter_card":"summary_large_image","schema":{"@context":"https:\/\/schema.org","@graph":[{"@type":"WebPage","@id":"https:\/\/salodebellesaangela.com\/es\/declaracion-de-accesibilidad\/","url":"https:\/\/salodebellesaangela.com\/es\/declaracion-de-accesibilidad\/","name":"Declaraci\u00f3n de accesibilidad - Sal\u00f3 De Bellesa \u00c0ngela","isPartOf":{"@id":"https:\/\/salodebellesaangela.com\/#website"},"datePublished":"2023-08-20T09:52:06+00:00","dateModified":"2023-10-05T11:57:29+00:00","description":"Conegueu la declaraci\u00f3 d'accessibilitat de Sal\u00f3 De Bellesa \u00c0ngela. Descobriu com garantim l'accessibilitat del nostre lloc web.","breadcrumb":{"@id":"https:\/\/salodebellesaangela.com\/es\/declaracion-de-accesibilidad\/#breadcrumb"},"inLanguage":"es","potentialAction":[{"@type":"ReadAction","target":["https:\/\/salodebellesaangela.com\/es\/declaracion-de-accesibilidad\/"]}]},{"@type":"BreadcrumbList","@id":"https:\/\/salodebellesaangela.com\/es\/declaracion-de-accesibilidad\/#breadcrumb","itemListElement":[{"@type":"ListItem","position":1,"name":"Portada","item":"https:\/\/salodebellesaangela.com\/es\/"},{"@type":"ListItem","position":2,"name":"Declaraci\u00f3n de accesibilidad"}]},{"@type":"WebSite","@id":"https:\/\/salodebellesaangela.com\/#website","url":"https:\/\/salodebellesaangela.com\/","name":"Sal\u00f3 De Bellesa \u00c0ngela","description":"Descobreix el Sal\u00f3 de Bellesa \u00c0ngela, el teu sal\u00f3 de bellesa de confian\u00e7a a Barcelona des del 1973. Oferim serveis d&#039;est\u00e8tica i salut, incloent manicures, pedicures, tractaments corporals i m\u00e9s.","publisher":{"@id":"https:\/\/salodebellesaangela.com\/#organization"},"potentialAction":[{"@type":"SearchAction","target":{"@type":"EntryPoint","urlTemplate":"https:\/\/salodebellesaangela.com\/?s={search_term_string}"},"query-input":"required name=search_term_string"}],"inLanguage":"es"},{"@type":"Organization","@id":"https:\/\/salodebellesaangela.com\/#organization","name":"Sal\u00f3 De Bellesa \u00c0ngela","url":"https:\/\/salodebellesaangela.com\/","logo":{"@type":"ImageObject","inLanguage":"es","@id":"https:\/\/salodebellesaangela.com\/#\/schema\/logo\/image\/","url":"https:\/\/salodebellesaangela.com\/wp-content\/uploads\/2023\/08\/cropped-logo_salon-e1692517003722.jpg","contentUrl":"https:\/\/salodebellesaangela.com\/wp-content\/uploads\/2023\/08\/cropped-logo_salon-e1692517003722.jpg","width":125,"height":125,"caption":"Sal\u00f3 De Bellesa \u00c0ngela"},"image":{"@id":"https:\/\/salodebellesaangela.com\/#\/schema\/logo\/image\/"},"sameAs":["https:\/\/www.facebook.com\/salodebellesaangela","https:\/\/www.instagram.com\/salodebellesaangela\/"]}]}},"_links":{"self":[{"href":"https:\/\/salodebellesaangela.com\/es\/wp-json\/wp\/v2\/pages\/11753","targetHints":{"allow":["GET"]}}],"collection":[{"href":"https:\/\/salodebellesaangela.com\/es\/wp-json\/wp\/v2\/pages"}],"about":[{"href":"https:\/\/salodebellesaangela.com\/es\/wp-json\/wp\/v2\/types\/page"}],"author":[{"embeddable":true,"href":"https:\/\/salodebellesaangela.com\/es\/wp-json\/wp\/v2\/users\/1"}],"replies":[{"embeddable":true,"href":"https:\/\/salodebellesaangela.com\/es\/wp-json\/wp\/v2\/comments?post=11753"}],"version-history":[{"count":5,"href":"https:\/\/salodebellesaangela.com\/es\/wp-json\/wp\/v2\/pages\/11753\/revisions"}],"predecessor-version":[{"id":11758,"href":"https:\/\/salodebellesaangela.com\/es\/wp-json\/wp\/v2\/pages\/11753\/revisions\/11758"}],"wp:attachment":[{"href":"https:\/\/salodebellesaangela.com\/es\/wp-json\/wp\/v2\/media?parent=11753"}],"curies":[{"name":"wp","href":"https:\/\/api.w.org\/{rel}","templated":true}]}}