{"id":11732,"date":"2020-06-10T18:03:45","date_gmt":"2020-06-10T18:03:45","guid":{"rendered":"https:\/\/salodebellesaangela.com\/contacte\/"},"modified":"2023-10-27T09:41:04","modified_gmt":"2023-10-27T09:41:04","slug":"contacto","status":"publish","type":"page","link":"https:\/\/salodebellesaangela.com\/es\/contacto\/","title":{"rendered":"Contacto"},"content":{"rendered":"\t\t<div data-elementor-type=\"wp-page\" data-elementor-id=\"11732\" class=\"elementor elementor-11732 elementor-415\">\n\t\t\t\t\t\t\t\t\t<section class=\"elementor-section elementor-top-section elementor-element elementor-element-2ab3f89 elementor-section-boxed elementor-section-height-default elementor-section-height-default\" data-id=\"2ab3f89\" data-element_type=\"section\">\n\t\t\t\t\t\t<div class=\"elementor-container elementor-column-gap-default\">\n\t\t\t\t\t<div class=\"elementor-column elementor-col-33 elementor-top-column elementor-element elementor-element-b1af21f\" data-id=\"b1af21f\" data-element_type=\"column\">\n\t\t\t<div class=\"elementor-widget-wrap elementor-element-populated\">\n\t\t\t\t\t\t\t\t<div class=\"elementor-element elementor-element-59ae378 elementor-widget elementor-widget-witr_section_service\" data-id=\"59ae378\" data-element_type=\"widget\" data-widget_type=\"witr_section_service.default\">\n\t\t\t\t<div class=\"elementor-widget-container\">\n\t\t\t\t\t\n\t\t\t<div class=\"service-item all_color_service same2 text-center  \">\n\t\t\t\t<div class=\"service_top_image\">\n\t\t\t\t\t<!-- image -->\n\t\t\t\t\t\t\t\t\n\t\t\t\t<\/div>\n\t\t\t\t<div class=\"text_box all_icon_color\">\n\t\t\t\t\t<!-- icon -->\n\t\t\t\t\t\t\t\t\t\t\t<i class=\"flaticon flaticon-map\"><\/i>\n\t\t\t\t\t\t\t\t\t\t<!-- custom icon -->\n\t\t\t\t\t\t\t\t\t\n\t\t\t\t\t<!-- image -->\n\t\t\t\t\t\t\n\t\t\t\t\t<!-- title -->\n\t\t\t\t\t\t\t\t\t\t \n\t\t\t\t\t\t<h3><a href=\"https:\/\/goo.gl\/maps\/e7EtahcSNxeaYLKM9\">Ubicaci\u00f3n<\/a><\/h3>\n\t\t\t\t\t\t\t\t\t\t\t\t\t\t\t<!-- content -->\n\t\t\t\t\t\t\t\t\t\t\t<p>C\/ Anselm Clav\u00e9, 209 <br>Lli\u00e7\u00e0 d\u2019Amunt, Barcelona <\/p>\t\t\n\t\t\t\t\t\t\t\t\t\t<!-- button -->\n\t\t\t\t\t\t\t\t\t\n\t\t\t\t<\/div> <!-- text_box -->\t\t\t\t\t\t\t\n\t\t\t<\/div> <!-- service item -->\t\t\t\t\t\t\t\n \t\t\t\t<\/div>\n\t\t\t\t<\/div>\n\t\t\t\t\t<\/div>\n\t\t<\/div>\n\t\t\t\t<div class=\"elementor-column elementor-col-33 elementor-top-column elementor-element elementor-element-d258487\" data-id=\"d258487\" data-element_type=\"column\">\n\t\t\t<div class=\"elementor-widget-wrap elementor-element-populated\">\n\t\t\t\t\t\t\t\t<div class=\"elementor-element elementor-element-7085b5f elementor-widget elementor-widget-witr_section_service\" data-id=\"7085b5f\" data-element_type=\"widget\" data-widget_type=\"witr_section_service.default\">\n\t\t\t\t<div class=\"elementor-widget-container\">\n\t\t\t\t\t\n\t\t\t<div class=\"service-item all_color_service same2 text-center  \">\n\t\t\t\t<div class=\"service_top_image\">\n\t\t\t\t\t<!-- image -->\n\t\t\t\t\t\t\t\t\n\t\t\t\t<\/div>\n\t\t\t\t<div class=\"text_box all_icon_color\">\n\t\t\t\t\t<!-- icon -->\n\t\t\t\t\t\t\t\t\t\t\t<i class=\"flaticon flaticon-call\"><\/i>\n\t\t\t\t\t\t\t\t\t\t<!-- custom icon -->\n\t\t\t\t\t\t\t\t\t\n\t\t\t\t\t<!-- image -->\n\t\t\t\t\t\t\n\t\t\t\t\t<!-- title -->\n\t\t\t\t\t\t\t\t\t\t\t\t\t\t\t<h3>N\u00famero de tel\u00e9fono <\/h3>\n\t\t\t\t\t\t\t\t\t\t\t\t\t\t\t<!-- content -->\n\t\t\t\t\t\t\t\t\t\t\t<p>+34 93 841 61 72 <br> +34 666 56 27 58\n <\/p>\t\t\n\t\t\t\t\t\t\t\t\t\t<!-- button -->\n\t\t\t\t\t\t\t\t\t\n\t\t\t\t<\/div> <!-- text_box -->\t\t\t\t\t\t\t\n\t\t\t<\/div> <!-- service item -->\t\t\t\t\t\t\t\n \t\t\t\t<\/div>\n\t\t\t\t<\/div>\n\t\t\t\t\t<\/div>\n\t\t<\/div>\n\t\t\t\t<div class=\"elementor-column elementor-col-33 elementor-top-column elementor-element elementor-element-7d9383b\" data-id=\"7d9383b\" data-element_type=\"column\">\n\t\t\t<div class=\"elementor-widget-wrap elementor-element-populated\">\n\t\t\t\t\t\t\t\t<div class=\"elementor-element elementor-element-9b47572 elementor-widget elementor-widget-witr_section_service\" data-id=\"9b47572\" data-element_type=\"widget\" data-widget_type=\"witr_section_service.default\">\n\t\t\t\t<div class=\"elementor-widget-container\">\n\t\t\t\t\t\n\t\t\t<div class=\"service-item all_color_service same2 text-center  \">\n\t\t\t\t<div class=\"service_top_image\">\n\t\t\t\t\t<!-- image -->\n\t\t\t\t\t\t\t\t\n\t\t\t\t<\/div>\n\t\t\t\t<div class=\"text_box all_icon_color\">\n\t\t\t\t\t<!-- icon -->\n\t\t\t\t\t\t\t\t\t\t\t<i class=\"flaticon flaticon-mail\"><\/i>\n\t\t\t\t\t\t\t\t\t\t<!-- custom icon -->\n\t\t\t\t\t\t\t\t\t\n\t\t\t\t\t<!-- image -->\n\t\t\t\t\t\t\n\t\t\t\t\t<!-- title -->\n\t\t\t\t\t\t\t\t\t\t\t\t\t\t\t<h3>Correo electr\u00f3nico\n\n <\/h3>\n\t\t\t\t\t\t\t\t\t\t\t\t\t\t\t<!-- content -->\n\t\t\t\t\t\t\t\t\t\t\t<p>salodebellesaangela@gmail.com <br><br> <\/p>\t\t\n\t\t\t\t\t\t\t\t\t\t<!-- button -->\n\t\t\t\t\t\t\t\t\t\n\t\t\t\t<\/div> <!-- text_box -->\t\t\t\t\t\t\t\n\t\t\t<\/div> <!-- service item -->\t\t\t\t\t\t\t\n \t\t\t\t<\/div>\n\t\t\t\t<\/div>\n\t\t\t\t\t<\/div>\n\t\t<\/div>\n\t\t\t\t\t\t\t<\/div>\n\t\t<\/section>\n\t\t\t\t<section class=\"elementor-section elementor-top-section elementor-element elementor-element-b934bd1 elementor-section-boxed elementor-section-height-default elementor-section-height-default\" data-id=\"b934bd1\" data-element_type=\"section\" data-settings=\"{&quot;background_background&quot;:&quot;classic&quot;}\">\n\t\t\t\t\t\t\t<div class=\"elementor-background-overlay\"><\/div>\n\t\t\t\t\t\t\t<div class=\"elementor-container elementor-column-gap-default\">\n\t\t\t\t\t<div class=\"elementor-column elementor-col-50 elementor-top-column elementor-element elementor-element-ee3b31f\" data-id=\"ee3b31f\" data-element_type=\"column\">\n\t\t\t<div class=\"elementor-widget-wrap elementor-element-populated\">\n\t\t\t\t\t\t\t\t<div class=\"elementor-element elementor-element-23b924e poket-star-rating--align-center elementor-widget elementor-widget-witr_section_apartment\" data-id=\"23b924e\" data-element_type=\"widget\" data-widget_type=\"witr_section_apartment.default\">\n\t\t\t\t<div class=\"elementor-widget-container\">\n\t\t\t\n\t\t\t\t\t<div class=\"apartment_area\">\t\t\t\t\n\t\t\t\t\t\t<div class=\"apartment_text\">\t\t\n\t\t\t\t\t\t\t<!-- title -->\n\t\t\t\t\t\t\t\t\t\t\t\t\t\t\t<h1>Ponte en contacto<\/h1>\n\t\t\t\t\t\t\t\t\t\n\t\t\t\t\t\t\t<!-- content -->\n\t\t\t\t\t\t\t\t\t\t\t\t\t\t\t<h2>Haga un consultor gratuito <\/h2>\t\t\n\t\t\t\t\t\t\t\t\t\t\t\t\t\t\n\t\t\t\t\t\t<\/div>\t\t\n\t\t\t\t\t\t<div class=\"witr_apartment_form\">\t\t\t\t\t\n\t\t\t\t\t\t\n<div class=\"wpcf7 no-js\" id=\"wpcf7-f11738-o1\" lang=\"en-US\" dir=\"ltr\">\n<div class=\"screen-reader-response\"><p role=\"status\" aria-live=\"polite\" aria-atomic=\"true\"><\/p> <ul><\/ul><\/div>\n<form action=\"\/es\/wp-json\/wp\/v2\/pages\/11732#wpcf7-f11738-o1\" method=\"post\" class=\"wpcf7-form init\" aria-label=\"Contact form\" novalidate=\"novalidate\" data-status=\"init\">\n<div style=\"display: none;\">\n<input type=\"hidden\" name=\"_wpcf7\" value=\"11738\" \/>\n<input type=\"hidden\" name=\"_wpcf7_version\" value=\"5.8.1\" \/>\n<input type=\"hidden\" name=\"_wpcf7_locale\" value=\"en_US\" \/>\n<input type=\"hidden\" name=\"_wpcf7_unit_tag\" value=\"wpcf7-f11738-o1\" \/>\n<input type=\"hidden\" name=\"_wpcf7_container_post\" value=\"0\" \/>\n<input type=\"hidden\" name=\"_wpcf7_posted_data_hash\" value=\"\" \/>\n<input type=\"hidden\" name=\"_wpcf7_recaptcha_response\" value=\"\" \/>\n<\/div>\n<div class=\"row\">\n\t<div class=\"col-lg-6 col-md-6\">\n\t\t<div class=\"twr_form_box\">\n\t\t\t<p><span class=\"wpcf7-form-control-wrap\" data-name=\"text-30\"><input size=\"40\" class=\"wpcf7-form-control wpcf7-text wpcf7-validates-as-required form-control\" aria-required=\"true\" aria-invalid=\"false\" placeholder=\"Nombre*\" value=\"\" type=\"text\" name=\"text-30\" \/><\/span>\n\t\t\t<\/p>\n\t\t<\/div>\n\t<\/div>\n\t<div class=\"col-lg-6 col-md-6\">\n\t\t<div class=\"twr_form_box\">\n\t\t\t<p><span class=\"wpcf7-form-control-wrap\" data-name=\"number-19\"><input class=\"wpcf7-form-control wpcf7-number wpcf7-validates-as-required wpcf7-validates-as-number form-control\" aria-required=\"true\" aria-invalid=\"false\" placeholder=\"Tel\u00e9fono*\" value=\"\" type=\"number\" name=\"number-19\" \/><\/span>\n\t\t\t<\/p>\n\t\t<\/div>\n\t<\/div>\n\t<div class=\"col-lg-12 col-md-12\">\n\t\t<div class=\"twr_form_box \">\n\t\t\t<p><span class=\"wpcf7-form-control-wrap\" data-name=\"textarea\"><textarea cols=\"40\" rows=\"6\" class=\"wpcf7-form-control wpcf7-textarea wpcf7-validates-as-required form-control\" aria-required=\"true\" aria-invalid=\"false\" placeholder=\"Mensaje*\" name=\"textarea\"><\/textarea><\/span>\n\t\t\t<\/p>\n\t\t<\/div>\n\t\t<div class=\"col-lg-12\">\n\t\t\t<div class=\"twr_form_box \">\n\t\t\t\t<p><span class=\"wpcf7-form-control-wrap\" data-name=\"acceptance-22\"><span class=\"wpcf7-form-control wpcf7-acceptance\"><span class=\"wpcf7-list-item\"><input type=\"checkbox\" name=\"acceptance-22\" value=\"1\" aria-invalid=\"false\" \/><\/span><\/span><\/span> He le\u00eddo y acepto la <a href=\"https:\/\/salodebellesaangela.com\/es\/politica-de-privacidad\/\" target=\"_blank\" rel=\"noopener noreferrer\">Pol\u00edtica de privacidad<\/a>\n\t\t\t\t<\/p>\n\t\t\t\t<div class=\" text-center\">\n\t\t\t\t<\/div>\n\t\t\t<\/div>\n\t\t\t<p><button type=\"submit\" class=\"btn btn-primary\">Enviar Mensaje<\/button>\n\t\t\t<\/p>\n\t\t<\/div>\n\t<\/div>\n<\/div><div class=\"wpcf7-response-output\" aria-hidden=\"true\"><\/div>\n<\/form>\n<\/div>\n\t\t\t\t\t\t\t\t\n\t\t\t\t\t\t<\/div>\n\t\t\t\t\t<\/div>\t\t\t\t\t\n\t\t\n\t\t\t\t<\/div>\n\t\t\t\t<\/div>\n\t\t\t\t\t<\/div>\n\t\t<\/div>\n\t\t\t\t<div class=\"elementor-column elementor-col-50 elementor-top-column elementor-element elementor-element-0300759\" data-id=\"0300759\" data-element_type=\"column\">\n\t\t\t<div class=\"elementor-widget-wrap\">\n\t\t\t\t\t\t\t\t\t<\/div>\n\t\t<\/div>\n\t\t\t\t\t\t\t<\/div>\n\t\t<\/section>\n\t\t\t\t<section class=\"elementor-section elementor-top-section elementor-element elementor-element-4c1f1bd elementor-section-full_width elementor-section-height-default elementor-section-height-default\" data-id=\"4c1f1bd\" data-element_type=\"section\">\n\t\t\t\t\t\t<div class=\"elementor-container elementor-column-gap-no\">\n\t\t\t\t\t<div class=\"elementor-column elementor-col-100 elementor-top-column elementor-element elementor-element-5e4bf83\" data-id=\"5e4bf83\" data-element_type=\"column\">\n\t\t\t<div class=\"elementor-widget-wrap elementor-element-populated\">\n\t\t\t\t\t\t\t\t<div class=\"elementor-element elementor-element-c9bb51b elementor-widget elementor-widget-google_maps\" data-id=\"c9bb51b\" data-element_type=\"widget\" data-widget_type=\"google_maps.default\">\n\t\t\t\t<div class=\"elementor-widget-container\">\n\t\t\t<style>\/*! elementor - v3.16.0 - 20-09-2023 *\/\n.elementor-widget-google_maps .elementor-widget-container{overflow:hidden}.elementor-widget-google_maps .elementor-custom-embed{line-height:0}.elementor-widget-google_maps iframe{height:300px}<\/style>\t\t<div class=\"elementor-custom-embed\">\n\t\t\t<iframe loading=\"lazy\"\n\t\t\t\t\tsrc=\"https:\/\/maps.google.com\/maps?q=41.6183956650537%2C%202.2375034242863174&#038;t=m&#038;z=11&#038;output=embed&#038;iwloc=near\"\n\t\t\t\t\ttitle=\"41.6183956650537, 2.2375034242863174\"\n\t\t\t\t\taria-label=\"41.6183956650537, 2.2375034242863174\"\n\t\t\t><\/iframe>\n\t\t<\/div>\n\t\t\t\t<\/div>\n\t\t\t\t<\/div>\n\t\t\t\t\t<\/div>\n\t\t<\/div>\n\t\t\t\t\t\t\t<\/div>\n\t\t<\/section>\n\t\t\t\t\t\t\t<\/div>\n\t\t","protected":false},"excerpt":{"rendered":"<p>Ubicaci\u00f3n C\/ Anselm Clav\u00e9, 209 Lli\u00e7\u00e0 d\u2019Amunt, Barcelona N\u00famero de tel\u00e9fono +34 93 841 61 72 +34 666 56 27 58 Correo electr\u00f3nico salodebellesaangela@gmail.com Ponte en contacto Haga un consultor gratuito He le\u00eddo y acepto la Pol\u00edtica de privacidad Enviar Mensaje<\/p>\n","protected":false},"author":1,"featured_media":0,"parent":0,"menu_order":0,"comment_status":"closed","ping_status":"closed","template":"template-home.php","meta":{"footnotes":""},"class_list":["post-11732","page","type-page","status-publish","hentry"],"yoast_head":"<!-- This site is optimized with the Yoast SEO plugin v21.3 - https:\/\/yoast.com\/wordpress\/plugins\/seo\/ -->\n<title>Sal\u00f3n de Belleza Exclusivo - Contacta con nosotras<\/title>\n<meta name=\"description\" content=\"Nuestro sal\u00f3n de belleza es el lugar perfecto para darle vida a tus u\u00f1as. Ofrecemos manicuras y pedicuras. \u00a1Cont\u00e1ctanos!\" \/>\n<meta name=\"robots\" content=\"index, follow, max-snippet:-1, max-image-preview:large, max-video-preview:-1\" \/>\n<link rel=\"canonical\" href=\"https:\/\/salodebellesaangela.com\/es\/contacto\/\" \/>\n<meta property=\"og:locale\" content=\"es_ES\" \/>\n<meta property=\"og:type\" content=\"article\" \/>\n<meta property=\"og:title\" content=\"Sal\u00f3n de Belleza Exclusivo - Contacta con nosotras\" \/>\n<meta property=\"og:description\" content=\"Nuestro sal\u00f3n de belleza es el lugar perfecto para darle vida a tus u\u00f1as. Ofrecemos manicuras y pedicuras. \u00a1Cont\u00e1ctanos!\" \/>\n<meta property=\"og:url\" content=\"https:\/\/salodebellesaangela.com\/es\/contacto\/\" \/>\n<meta property=\"og:site_name\" content=\"Sal\u00f3 De Bellesa \u00c0ngela\" \/>\n<meta property=\"article:publisher\" content=\"https:\/\/www.facebook.com\/salodebellesaangela\" \/>\n<meta property=\"article:modified_time\" content=\"2023-10-27T09:41:04+00:00\" \/>\n<meta name=\"twitter:card\" content=\"summary_large_image\" \/>\n<meta name=\"twitter:label1\" content=\"Tiempo de lectura\" \/>\n\t<meta name=\"twitter:data1\" content=\"1 minuto\" \/>\n<script type=\"application\/ld+json\" class=\"yoast-schema-graph\">{\"@context\":\"https:\/\/schema.org\",\"@graph\":[{\"@type\":\"WebPage\",\"@id\":\"https:\/\/salodebellesaangela.com\/es\/contacto\/\",\"url\":\"https:\/\/salodebellesaangela.com\/es\/contacto\/\",\"name\":\"Sal\u00f3n de Belleza Exclusivo - Contacta con nosotras\",\"isPartOf\":{\"@id\":\"https:\/\/salodebellesaangela.com\/#website\"},\"datePublished\":\"2020-06-10T18:03:45+00:00\",\"dateModified\":\"2023-10-27T09:41:04+00:00\",\"description\":\"Nuestro sal\u00f3n de belleza es el lugar perfecto para darle vida a tus u\u00f1as. Ofrecemos manicuras y pedicuras. \u00a1Cont\u00e1ctanos!\",\"breadcrumb\":{\"@id\":\"https:\/\/salodebellesaangela.com\/es\/contacto\/#breadcrumb\"},\"inLanguage\":\"es\",\"potentialAction\":[{\"@type\":\"ReadAction\",\"target\":[\"https:\/\/salodebellesaangela.com\/es\/contacto\/\"]}]},{\"@type\":\"BreadcrumbList\",\"@id\":\"https:\/\/salodebellesaangela.com\/es\/contacto\/#breadcrumb\",\"itemListElement\":[{\"@type\":\"ListItem\",\"position\":1,\"name\":\"Portada\",\"item\":\"https:\/\/salodebellesaangela.com\/es\/\"},{\"@type\":\"ListItem\",\"position\":2,\"name\":\"Contacto\"}]},{\"@type\":\"WebSite\",\"@id\":\"https:\/\/salodebellesaangela.com\/#website\",\"url\":\"https:\/\/salodebellesaangela.com\/\",\"name\":\"Sal\u00f3 De Bellesa \u00c0ngela\",\"description\":\"Descobreix el Sal\u00f3 de Bellesa \u00c0ngela, el teu sal\u00f3 de bellesa de confian\u00e7a a Barcelona des del 1973. Oferim serveis d&#039;est\u00e8tica i salut, incloent manicures, pedicures, tractaments corporals i m\u00e9s.\",\"publisher\":{\"@id\":\"https:\/\/salodebellesaangela.com\/#organization\"},\"potentialAction\":[{\"@type\":\"SearchAction\",\"target\":{\"@type\":\"EntryPoint\",\"urlTemplate\":\"https:\/\/salodebellesaangela.com\/?s={search_term_string}\"},\"query-input\":\"required name=search_term_string\"}],\"inLanguage\":\"es\"},{\"@type\":\"Organization\",\"@id\":\"https:\/\/salodebellesaangela.com\/#organization\",\"name\":\"Sal\u00f3 De Bellesa \u00c0ngela\",\"url\":\"https:\/\/salodebellesaangela.com\/\",\"logo\":{\"@type\":\"ImageObject\",\"inLanguage\":\"es\",\"@id\":\"https:\/\/salodebellesaangela.com\/#\/schema\/logo\/image\/\",\"url\":\"https:\/\/salodebellesaangela.com\/wp-content\/uploads\/2023\/08\/cropped-logo_salon-e1692517003722.jpg\",\"contentUrl\":\"https:\/\/salodebellesaangela.com\/wp-content\/uploads\/2023\/08\/cropped-logo_salon-e1692517003722.jpg\",\"width\":125,\"height\":125,\"caption\":\"Sal\u00f3 De Bellesa \u00c0ngela\"},\"image\":{\"@id\":\"https:\/\/salodebellesaangela.com\/#\/schema\/logo\/image\/\"},\"sameAs\":[\"https:\/\/www.facebook.com\/salodebellesaangela\",\"https:\/\/www.instagram.com\/salodebellesaangela\/\"]}]}<\/script>\n<!-- \/ Yoast SEO plugin. -->","yoast_head_json":{"title":"Sal\u00f3n de Belleza Exclusivo - Contacta con nosotras","description":"Nuestro sal\u00f3n de belleza es el lugar perfecto para darle vida a tus u\u00f1as. Ofrecemos manicuras y pedicuras. \u00a1Cont\u00e1ctanos!","robots":{"index":"index","follow":"follow","max-snippet":"max-snippet:-1","max-image-preview":"max-image-preview:large","max-video-preview":"max-video-preview:-1"},"canonical":"https:\/\/salodebellesaangela.com\/es\/contacto\/","og_locale":"es_ES","og_type":"article","og_title":"Sal\u00f3n de Belleza Exclusivo - Contacta con nosotras","og_description":"Nuestro sal\u00f3n de belleza es el lugar perfecto para darle vida a tus u\u00f1as. Ofrecemos manicuras y pedicuras. \u00a1Cont\u00e1ctanos!","og_url":"https:\/\/salodebellesaangela.com\/es\/contacto\/","og_site_name":"Sal\u00f3 De Bellesa \u00c0ngela","article_publisher":"https:\/\/www.facebook.com\/salodebellesaangela","article_modified_time":"2023-10-27T09:41:04+00:00","twitter_card":"summary_large_image","twitter_misc":{"Tiempo de lectura":"1 minuto"},"schema":{"@context":"https:\/\/schema.org","@graph":[{"@type":"WebPage","@id":"https:\/\/salodebellesaangela.com\/es\/contacto\/","url":"https:\/\/salodebellesaangela.com\/es\/contacto\/","name":"Sal\u00f3n de Belleza Exclusivo - Contacta con nosotras","isPartOf":{"@id":"https:\/\/salodebellesaangela.com\/#website"},"datePublished":"2020-06-10T18:03:45+00:00","dateModified":"2023-10-27T09:41:04+00:00","description":"Nuestro sal\u00f3n de belleza es el lugar perfecto para darle vida a tus u\u00f1as. Ofrecemos manicuras y pedicuras. \u00a1Cont\u00e1ctanos!","breadcrumb":{"@id":"https:\/\/salodebellesaangela.com\/es\/contacto\/#breadcrumb"},"inLanguage":"es","potentialAction":[{"@type":"ReadAction","target":["https:\/\/salodebellesaangela.com\/es\/contacto\/"]}]},{"@type":"BreadcrumbList","@id":"https:\/\/salodebellesaangela.com\/es\/contacto\/#breadcrumb","itemListElement":[{"@type":"ListItem","position":1,"name":"Portada","item":"https:\/\/salodebellesaangela.com\/es\/"},{"@type":"ListItem","position":2,"name":"Contacto"}]},{"@type":"WebSite","@id":"https:\/\/salodebellesaangela.com\/#website","url":"https:\/\/salodebellesaangela.com\/","name":"Sal\u00f3 De Bellesa \u00c0ngela","description":"Descobreix el Sal\u00f3 de Bellesa \u00c0ngela, el teu sal\u00f3 de bellesa de confian\u00e7a a Barcelona des del 1973. Oferim serveis d&#039;est\u00e8tica i salut, incloent manicures, pedicures, tractaments corporals i m\u00e9s.","publisher":{"@id":"https:\/\/salodebellesaangela.com\/#organization"},"potentialAction":[{"@type":"SearchAction","target":{"@type":"EntryPoint","urlTemplate":"https:\/\/salodebellesaangela.com\/?s={search_term_string}"},"query-input":"required name=search_term_string"}],"inLanguage":"es"},{"@type":"Organization","@id":"https:\/\/salodebellesaangela.com\/#organization","name":"Sal\u00f3 De Bellesa \u00c0ngela","url":"https:\/\/salodebellesaangela.com\/","logo":{"@type":"ImageObject","inLanguage":"es","@id":"https:\/\/salodebellesaangela.com\/#\/schema\/logo\/image\/","url":"https:\/\/salodebellesaangela.com\/wp-content\/uploads\/2023\/08\/cropped-logo_salon-e1692517003722.jpg","contentUrl":"https:\/\/salodebellesaangela.com\/wp-content\/uploads\/2023\/08\/cropped-logo_salon-e1692517003722.jpg","width":125,"height":125,"caption":"Sal\u00f3 De Bellesa \u00c0ngela"},"image":{"@id":"https:\/\/salodebellesaangela.com\/#\/schema\/logo\/image\/"},"sameAs":["https:\/\/www.facebook.com\/salodebellesaangela","https:\/\/www.instagram.com\/salodebellesaangela\/"]}]}},"_links":{"self":[{"href":"https:\/\/salodebellesaangela.com\/es\/wp-json\/wp\/v2\/pages\/11732","targetHints":{"allow":["GET"]}}],"collection":[{"href":"https:\/\/salodebellesaangela.com\/es\/wp-json\/wp\/v2\/pages"}],"about":[{"href":"https:\/\/salodebellesaangela.com\/es\/wp-json\/wp\/v2\/types\/page"}],"author":[{"embeddable":true,"href":"https:\/\/salodebellesaangela.com\/es\/wp-json\/wp\/v2\/users\/1"}],"replies":[{"embeddable":true,"href":"https:\/\/salodebellesaangela.com\/es\/wp-json\/wp\/v2\/comments?post=11732"}],"version-history":[{"count":9,"href":"https:\/\/salodebellesaangela.com\/es\/wp-json\/wp\/v2\/pages\/11732\/revisions"}],"predecessor-version":[{"id":11742,"href":"https:\/\/salodebellesaangela.com\/es\/wp-json\/wp\/v2\/pages\/11732\/revisions\/11742"}],"wp:attachment":[{"href":"https:\/\/salodebellesaangela.com\/es\/wp-json\/wp\/v2\/media?parent=11732"}],"curies":[{"name":"wp","href":"https:\/\/api.w.org\/{rel}","templated":true}]}}