{"id":11683,"date":"2020-06-12T12:06:18","date_gmt":"2020-06-12T12:06:18","guid":{"rendered":"https:\/\/salodebellesaangela.com\/serveis\/"},"modified":"2023-10-27T10:08:58","modified_gmt":"2023-10-27T10:08:58","slug":"servicios","status":"publish","type":"page","link":"https:\/\/salodebellesaangela.com\/es\/servicios\/","title":{"rendered":"Servicios"},"content":{"rendered":"\t\t<div data-elementor-type=\"wp-page\" data-elementor-id=\"11683\" class=\"elementor elementor-11683 elementor-590\">\n\t\t\t\t\t\t\t\t\t<section class=\"elementor-section elementor-top-section elementor-element elementor-element-b18d7c9 elementor-section-full_width elementor-section-height-default elementor-section-height-default\" data-id=\"b18d7c9\" data-element_type=\"section\">\n\t\t\t\t\t\t<div class=\"elementor-container elementor-column-gap-no\">\n\t\t\t\t\t<div class=\"elementor-column elementor-col-100 elementor-top-column elementor-element elementor-element-d3a7279\" data-id=\"d3a7279\" data-element_type=\"column\">\n\t\t\t<div class=\"elementor-widget-wrap elementor-element-populated\">\n\t\t\t\t\t\t\t\t<div class=\"elementor-element elementor-element-17e6143 poket-star-rating--align-center elementor-widget elementor-widget-witr_section_title\" data-id=\"17e6143\" data-element_type=\"widget\" data-widget_type=\"witr_section_title.default\">\n\t\t\t\t<div class=\"elementor-widget-container\">\n\t\t\t\t\t\t\t\t<!-- title center -->\n\t\t\t\t\t<div class=\"witr_section_title\">\n\t\t\t\t\t\t<div class=\"witr_section_title_inner text-center\">\n\n\t\t\t\t\t\t\t<!-- icon position -->\n\t\t\t\t\t\t\t\t\n\t\t\t\t\t\t\t<!-- end icon position -->\n\t\t\t\t\t\t\t\n\t\t\t\t\t\t\n\t\t\t\t\t\t\t<!-- title top -->\n\t\t\t\t\t\t\t\t\t\t\t\t\t\t\t<h2>Servicios<\/h2>\t\t\n\t\t\t\t\t\t\t\n\n\t\t\t\t\t\t\t<!-- icon position -->\n\t\t\t\t\t\t\t\t\n\t\t\t\t\t\t\t<!-- end icon position -->\n\n\n\t\t\t\t\t\t\t\n\t\t\t\t\t\t\t<!-- title middle -->\n\t\t\t\t\t\t\t\t\t\t\t\t\t\t\t<h3><h1>Descubre nuestros servicios<\/h1><\/h3>\t\t\n\t\t\t\t\t\t\t\t\t\t\t\t\t\t<!-- title bottom -->\n\t\t\t\t\t\t\t\n\t\t\t\t\t\t\t\n\t\t\t\t\t\t\t\n\t\t\t\t\t\t\t\t\t\t\t\t\t\t\n\t\t\t\t\t\t\t<!-- image -->\n\t\t\t\t\t\t\t\t\t\t\t\t\t\t<!-- icon -->\n\t\t\t\t\t\t\t\t\t\t\t\t\t\t\n\t\t\t\t\t\t\t<!-- bar -->\n\t\t\t\t\t\t\t\t\t\t\t\t\t\t<!-- circle bar -->\n\t\t\t\t\t\t\t\t\t\t\t\t\t\t\n\t\t\t\t\t\t\t\t\n\t\t\t\t\t\t\t\n\n\t\t\t\t\t\t\t\n\t\t\t\t\t\t\t<!-- content -->\n\t\t\t\t\t\t\t\t\t\t\t\t\t\t\n\t\t\t\t\t\t<\/div>\n\t\t\t\t\t\t\t<!-- inner title -->\n\t\t\t\t\t\t\t\t\t\t\t\t\t\n\t\t\t\t\t<\/div>\n\n\t\t\t\t\t\t<\/div>\n\t\t\t\t<\/div>\n\t\t\t\t<section class=\"elementor-section elementor-inner-section elementor-element elementor-element-cb368ef elementor-section-full_width elementor-section-height-default elementor-section-height-default\" data-id=\"cb368ef\" data-element_type=\"section\">\n\t\t\t\t\t\t<div class=\"elementor-container elementor-column-gap-no\">\n\t\t\t\t\t<div class=\"elementor-column elementor-col-100 elementor-inner-column elementor-element elementor-element-08d1b74\" data-id=\"08d1b74\" data-element_type=\"column\">\n\t\t\t<div class=\"elementor-widget-wrap elementor-element-populated\">\n\t\t\t\t\t\t\t\t<div class=\"elementor-element elementor-element-501dfb7 wittr_pfilter_menu--align-center elementor-widget elementor-widget-witr_portfolio_section\" data-id=\"501dfb7\" data-element_type=\"widget\" data-widget_type=\"witr_portfolio_section.default\">\n\t\t\t\t<div class=\"elementor-widget-container\">\n\t\t\t\t\t\t<div class=\"pstyle2\">\t\t\t\t\n\t\t\t\t<div class=\"row\" id=\"em_load\" >\t\t\n\t\t\t\t\t\t\t\t\t\t\t<!-- single portfolio -->\n\t\t\t\t\t<div class=\"col-lg-3  eportfolio_item col-md-6 col-xs-12 col-sm-12    witr_all_mb_30\" >\n\t\t\t\t\t\t<div class=\"single_protfolio\">\n\t\t\t\t\t\t\t<div class=\"prot_thumb\">\t\t\t\t\t\t\t\t\n\t\t\t\t\t\t\t\t<img loading=\"lazy\" decoding=\"async\" width=\"560\" height=\"560\" src=\"https:\/\/salodebellesaangela.com\/wp-content\/uploads\/2021\/09\/serveis-depilacio-cera-560x560.jpg\" class=\"attachment-poket-gallery-thumb size-poket-gallery-thumb wp-post-image\" alt=\"\" srcset=\"https:\/\/salodebellesaangela.com\/wp-content\/uploads\/2021\/09\/serveis-depilacio-cera-560x560.jpg 560w, https:\/\/salodebellesaangela.com\/wp-content\/uploads\/2021\/09\/serveis-depilacio-cera-150x150.jpg 150w, https:\/\/salodebellesaangela.com\/wp-content\/uploads\/2021\/09\/serveis-depilacio-cera-450x450.jpg 450w, https:\/\/salodebellesaangela.com\/wp-content\/uploads\/2021\/09\/serveis-depilacio-cera-106x106.jpg 106w, https:\/\/salodebellesaangela.com\/wp-content\/uploads\/2021\/09\/serveis-depilacio-cera-70x70.jpg 70w\" sizes=\"auto, (max-width: 560px) 100vw, 560px\" \/>\t\t\t\t\t\t\t\t\n\t\t\t\t\t\t\t\t<div class=\"prot_content\">\n\t\t\t\t\t\t\t\t\t<div class=\"prot_content_inner\">\t\t\t\t\t\t\t\t\t\n\t\t\t\t\t\t\t\t\t\t<div class=\"picon\">\n\t\t\t\t\t\t\t\t\t\t\t\t\t\t\t\t\t\t\t\t\t<\/div>\n\t\t\t\t\t\t\t\t\t\t<h3><a href=\"https:\/\/salodebellesaangela.com\/es\/em_portfolios\/depilacion-con-cera\/\">Depilaci\u00f3n con cera<\/a><\/h3>\n\t\t\t\t\t\t\t\t\t\t\n\t\t\t\t\t\t\t\t\t\t\t\t\t\t\t\t\t\t\n\t\t\t\t\t\t\t\t\t<\/div>\n\t\t\t\t\t\t\t\t<\/div>\t\n\t\t\t\t\t\t\t<\/div>\t\t\t\t\n\t\t\t\t\t\t<\/div>\n\t\t\t\t\t<\/div>\n\t\t\t\t\t\t\t\t\t\t\t<!-- single portfolio -->\n\t\t\t\t\t<div class=\"col-lg-3  eportfolio_item col-md-6 col-xs-12 col-sm-12    witr_all_mb_30\" >\n\t\t\t\t\t\t<div class=\"single_protfolio\">\n\t\t\t\t\t\t\t<div class=\"prot_thumb\">\t\t\t\t\t\t\t\t\n\t\t\t\t\t\t\t\t<img loading=\"lazy\" decoding=\"async\" width=\"560\" height=\"560\" src=\"https:\/\/salodebellesaangela.com\/wp-content\/uploads\/2023\/08\/serveis-tractaments-facials-560x560.jpg\" class=\"attachment-poket-gallery-thumb size-poket-gallery-thumb wp-post-image\" alt=\"Tratamientos faciales\" srcset=\"https:\/\/salodebellesaangela.com\/wp-content\/uploads\/2023\/08\/serveis-tractaments-facials-560x560.jpg 560w, https:\/\/salodebellesaangela.com\/wp-content\/uploads\/2023\/08\/serveis-tractaments-facials-150x150.jpg 150w, https:\/\/salodebellesaangela.com\/wp-content\/uploads\/2023\/08\/serveis-tractaments-facials-450x450.jpg 450w, https:\/\/salodebellesaangela.com\/wp-content\/uploads\/2023\/08\/serveis-tractaments-facials-106x106.jpg 106w, https:\/\/salodebellesaangela.com\/wp-content\/uploads\/2023\/08\/serveis-tractaments-facials-70x70.jpg 70w\" sizes=\"auto, (max-width: 560px) 100vw, 560px\" \/>\t\t\t\t\t\t\t\t\n\t\t\t\t\t\t\t\t<div class=\"prot_content\">\n\t\t\t\t\t\t\t\t\t<div class=\"prot_content_inner\">\t\t\t\t\t\t\t\t\t\n\t\t\t\t\t\t\t\t\t\t<div class=\"picon\">\n\t\t\t\t\t\t\t\t\t\t\t\t\t\t\t\t\t\t\t\t\t<\/div>\n\t\t\t\t\t\t\t\t\t\t<h3><a href=\"https:\/\/salodebellesaangela.com\/es\/em_portfolios\/tratamientos-faciales\/\">Tratamientos faciales<\/a><\/h3>\n\t\t\t\t\t\t\t\t\t\t\n\t\t\t\t\t\t\t\t\t\t\t\t\t\t\t\t\t\t\n\t\t\t\t\t\t\t\t\t<\/div>\n\t\t\t\t\t\t\t\t<\/div>\t\n\t\t\t\t\t\t\t<\/div>\t\t\t\t\n\t\t\t\t\t\t<\/div>\n\t\t\t\t\t<\/div>\n\t\t\t\t\t\t\t\t\t\t\t<!-- single portfolio -->\n\t\t\t\t\t<div class=\"col-lg-3  eportfolio_item col-md-6 col-xs-12 col-sm-12    witr_all_mb_30\" >\n\t\t\t\t\t\t<div class=\"single_protfolio\">\n\t\t\t\t\t\t\t<div class=\"prot_thumb\">\t\t\t\t\t\t\t\t\n\t\t\t\t\t\t\t\t<img loading=\"lazy\" decoding=\"async\" width=\"560\" height=\"560\" src=\"https:\/\/salodebellesaangela.com\/wp-content\/uploads\/2021\/09\/serveis-fotodepilacio-560x560.jpg\" class=\"attachment-poket-gallery-thumb size-poket-gallery-thumb wp-post-image\" alt=\"\" srcset=\"https:\/\/salodebellesaangela.com\/wp-content\/uploads\/2021\/09\/serveis-fotodepilacio-560x560.jpg 560w, https:\/\/salodebellesaangela.com\/wp-content\/uploads\/2021\/09\/serveis-fotodepilacio-150x150.jpg 150w, https:\/\/salodebellesaangela.com\/wp-content\/uploads\/2021\/09\/serveis-fotodepilacio-450x450.jpg 450w, https:\/\/salodebellesaangela.com\/wp-content\/uploads\/2021\/09\/serveis-fotodepilacio-106x106.jpg 106w, https:\/\/salodebellesaangela.com\/wp-content\/uploads\/2021\/09\/serveis-fotodepilacio-70x70.jpg 70w\" sizes=\"auto, (max-width: 560px) 100vw, 560px\" \/>\t\t\t\t\t\t\t\t\n\t\t\t\t\t\t\t\t<div class=\"prot_content\">\n\t\t\t\t\t\t\t\t\t<div class=\"prot_content_inner\">\t\t\t\t\t\t\t\t\t\n\t\t\t\t\t\t\t\t\t\t<div class=\"picon\">\n\t\t\t\t\t\t\t\t\t\t\t\t\t\t\t\t\t\t\t\t\t<\/div>\n\t\t\t\t\t\t\t\t\t\t<h3><a href=\"https:\/\/salodebellesaangela.com\/es\/em_portfolios\/fotodepilacion\/\">Fotodepilaci\u00f3n<\/a><\/h3>\n\t\t\t\t\t\t\t\t\t\t\n\t\t\t\t\t\t\t\t\t\t\t\t\t\t\t\t\t\t\n\t\t\t\t\t\t\t\t\t<\/div>\n\t\t\t\t\t\t\t\t<\/div>\t\n\t\t\t\t\t\t\t<\/div>\t\t\t\t\n\t\t\t\t\t\t<\/div>\n\t\t\t\t\t<\/div>\n\t\t\t\t\t\t\t\t\t\t\t<!-- single portfolio -->\n\t\t\t\t\t<div class=\"col-lg-3  eportfolio_item col-md-6 col-xs-12 col-sm-12    witr_all_mb_30\" >\n\t\t\t\t\t\t<div class=\"single_protfolio\">\n\t\t\t\t\t\t\t<div class=\"prot_thumb\">\t\t\t\t\t\t\t\t\n\t\t\t\t\t\t\t\t<img loading=\"lazy\" decoding=\"async\" width=\"560\" height=\"560\" src=\"https:\/\/salodebellesaangela.com\/wp-content\/uploads\/2023\/08\/servei-bronzejat-canya-sucre-560x560.jpg\" class=\"attachment-poket-gallery-thumb size-poket-gallery-thumb wp-post-image\" alt=\"Tratamiento de bronceado con ca\u00f1a de az\u00facar\" srcset=\"https:\/\/salodebellesaangela.com\/wp-content\/uploads\/2023\/08\/servei-bronzejat-canya-sucre-560x560.jpg 560w, https:\/\/salodebellesaangela.com\/wp-content\/uploads\/2023\/08\/servei-bronzejat-canya-sucre-150x150.jpg 150w, https:\/\/salodebellesaangela.com\/wp-content\/uploads\/2023\/08\/servei-bronzejat-canya-sucre-450x450.jpg 450w, https:\/\/salodebellesaangela.com\/wp-content\/uploads\/2023\/08\/servei-bronzejat-canya-sucre-106x106.jpg 106w, https:\/\/salodebellesaangela.com\/wp-content\/uploads\/2023\/08\/servei-bronzejat-canya-sucre-70x70.jpg 70w\" sizes=\"auto, (max-width: 560px) 100vw, 560px\" \/>\t\t\t\t\t\t\t\t\n\t\t\t\t\t\t\t\t<div class=\"prot_content\">\n\t\t\t\t\t\t\t\t\t<div class=\"prot_content_inner\">\t\t\t\t\t\t\t\t\t\n\t\t\t\t\t\t\t\t\t\t<div class=\"picon\">\n\t\t\t\t\t\t\t\t\t\t\t\t\t\t\t\t\t\t\t\t\t<\/div>\n\t\t\t\t\t\t\t\t\t\t<h3><a href=\"https:\/\/salodebellesaangela.com\/es\/em_portfolios\/bronceado\/\">Bronceado<\/a><\/h3>\n\t\t\t\t\t\t\t\t\t\t\n\t\t\t\t\t\t\t\t\t\t\t\t\t\t\t\t\t\t\n\t\t\t\t\t\t\t\t\t<\/div>\n\t\t\t\t\t\t\t\t<\/div>\t\n\t\t\t\t\t\t\t<\/div>\t\t\t\t\n\t\t\t\t\t\t<\/div>\n\t\t\t\t\t<\/div>\n\t\t\t\t\t\t\t\t\t\t\t<!-- single portfolio -->\n\t\t\t\t\t<div class=\"col-lg-3  eportfolio_item col-md-6 col-xs-12 col-sm-12    witr_all_mb_30\" >\n\t\t\t\t\t\t<div class=\"single_protfolio\">\n\t\t\t\t\t\t\t<div class=\"prot_thumb\">\t\t\t\t\t\t\t\t\n\t\t\t\t\t\t\t\t<img loading=\"lazy\" decoding=\"async\" width=\"560\" height=\"560\" src=\"https:\/\/salodebellesaangela.com\/wp-content\/uploads\/2023\/08\/servei-massatge-relax-560x560.jpg\" class=\"attachment-poket-gallery-thumb size-poket-gallery-thumb wp-post-image\" alt=\"Masaje de relax\" srcset=\"https:\/\/salodebellesaangela.com\/wp-content\/uploads\/2023\/08\/servei-massatge-relax-560x560.jpg 560w, https:\/\/salodebellesaangela.com\/wp-content\/uploads\/2023\/08\/servei-massatge-relax-150x150.jpg 150w, https:\/\/salodebellesaangela.com\/wp-content\/uploads\/2023\/08\/servei-massatge-relax-450x450.jpg 450w, https:\/\/salodebellesaangela.com\/wp-content\/uploads\/2023\/08\/servei-massatge-relax-106x106.jpg 106w, https:\/\/salodebellesaangela.com\/wp-content\/uploads\/2023\/08\/servei-massatge-relax-70x70.jpg 70w\" sizes=\"auto, (max-width: 560px) 100vw, 560px\" \/>\t\t\t\t\t\t\t\t\n\t\t\t\t\t\t\t\t<div class=\"prot_content\">\n\t\t\t\t\t\t\t\t\t<div class=\"prot_content_inner\">\t\t\t\t\t\t\t\t\t\n\t\t\t\t\t\t\t\t\t\t<div class=\"picon\">\n\t\t\t\t\t\t\t\t\t\t\t\t\t\t\t\t\t\t\t\t\t<\/div>\n\t\t\t\t\t\t\t\t\t\t<h3><a href=\"https:\/\/salodebellesaangela.com\/es\/em_portfolios\/tratamientos-corporales\/\">Tratamientos corporales<\/a><\/h3>\n\t\t\t\t\t\t\t\t\t\t\n\t\t\t\t\t\t\t\t\t\t\t\t\t\t\t\t\t\t\n\t\t\t\t\t\t\t\t\t<\/div>\n\t\t\t\t\t\t\t\t<\/div>\t\n\t\t\t\t\t\t\t<\/div>\t\t\t\t\n\t\t\t\t\t\t<\/div>\n\t\t\t\t\t<\/div>\n\t\t\t\t\t\t\t\t\t\t\t<!-- single portfolio -->\n\t\t\t\t\t<div class=\"col-lg-3  eportfolio_item col-md-6 col-xs-12 col-sm-12    witr_all_mb_30\" >\n\t\t\t\t\t\t<div class=\"single_protfolio\">\n\t\t\t\t\t\t\t<div class=\"prot_thumb\">\t\t\t\t\t\t\t\t\n\t\t\t\t\t\t\t\t<img loading=\"lazy\" decoding=\"async\" width=\"560\" height=\"560\" src=\"https:\/\/salodebellesaangela.com\/wp-content\/uploads\/2023\/08\/serveis-manicura-i-pedicura-1-560x560.jpg\" class=\"attachment-poket-gallery-thumb size-poket-gallery-thumb wp-post-image\" alt=\"Servicio de manicura\" srcset=\"https:\/\/salodebellesaangela.com\/wp-content\/uploads\/2023\/08\/serveis-manicura-i-pedicura-1-560x560.jpg 560w, https:\/\/salodebellesaangela.com\/wp-content\/uploads\/2023\/08\/serveis-manicura-i-pedicura-1-150x150.jpg 150w, https:\/\/salodebellesaangela.com\/wp-content\/uploads\/2023\/08\/serveis-manicura-i-pedicura-1-450x450.jpg 450w, https:\/\/salodebellesaangela.com\/wp-content\/uploads\/2023\/08\/serveis-manicura-i-pedicura-1-106x106.jpg 106w, https:\/\/salodebellesaangela.com\/wp-content\/uploads\/2023\/08\/serveis-manicura-i-pedicura-1-70x70.jpg 70w\" sizes=\"auto, (max-width: 560px) 100vw, 560px\" \/>\t\t\t\t\t\t\t\t\n\t\t\t\t\t\t\t\t<div class=\"prot_content\">\n\t\t\t\t\t\t\t\t\t<div class=\"prot_content_inner\">\t\t\t\t\t\t\t\t\t\n\t\t\t\t\t\t\t\t\t\t<div class=\"picon\">\n\t\t\t\t\t\t\t\t\t\t\t\t\t\t\t\t\t\t\t\t\t<\/div>\n\t\t\t\t\t\t\t\t\t\t<h3><a href=\"https:\/\/salodebellesaangela.com\/es\/em_portfolios\/manicuras-y-pedicuras\/\">Manicuras y pedicuras<\/a><\/h3>\n\t\t\t\t\t\t\t\t\t\t\n\t\t\t\t\t\t\t\t\t\t\t\t\t\t\t\t\t\t\n\t\t\t\t\t\t\t\t\t<\/div>\n\t\t\t\t\t\t\t\t<\/div>\t\n\t\t\t\t\t\t\t<\/div>\t\t\t\t\n\t\t\t\t\t\t<\/div>\n\t\t\t\t\t<\/div>\n\t\t\t\t\t\t\t\t\t\t\t<!-- single portfolio -->\n\t\t\t\t\t<div class=\"col-lg-3  eportfolio_item col-md-6 col-xs-12 col-sm-12    witr_all_mb_30\" >\n\t\t\t\t\t\t<div class=\"single_protfolio\">\n\t\t\t\t\t\t\t<div class=\"prot_thumb\">\t\t\t\t\t\t\t\t\n\t\t\t\t\t\t\t\t<img loading=\"lazy\" decoding=\"async\" width=\"560\" height=\"560\" src=\"https:\/\/salodebellesaangela.com\/wp-content\/uploads\/2023\/08\/servei-tiny-celles-scaled-e1692521302609-560x560.jpg\" class=\"attachment-poket-gallery-thumb size-poket-gallery-thumb wp-post-image\" alt=\"Tratamiento cejas y pesta\u00f1as\" srcset=\"https:\/\/salodebellesaangela.com\/wp-content\/uploads\/2023\/08\/servei-tiny-celles-scaled-e1692521302609-560x560.jpg 560w, https:\/\/salodebellesaangela.com\/wp-content\/uploads\/2023\/08\/servei-tiny-celles-scaled-e1692521302609-300x300.jpg 300w, https:\/\/salodebellesaangela.com\/wp-content\/uploads\/2023\/08\/servei-tiny-celles-scaled-e1692521302609-150x150.jpg 150w, https:\/\/salodebellesaangela.com\/wp-content\/uploads\/2023\/08\/servei-tiny-celles-scaled-e1692521302609-768x768.jpg 768w, https:\/\/salodebellesaangela.com\/wp-content\/uploads\/2023\/08\/servei-tiny-celles-scaled-e1692521302609-450x450.jpg 450w, https:\/\/salodebellesaangela.com\/wp-content\/uploads\/2023\/08\/servei-tiny-celles-scaled-e1692521302609-106x106.jpg 106w, https:\/\/salodebellesaangela.com\/wp-content\/uploads\/2023\/08\/servei-tiny-celles-scaled-e1692521302609-70x70.jpg 70w, https:\/\/salodebellesaangela.com\/wp-content\/uploads\/2023\/08\/servei-tiny-celles-scaled-e1692521302609.jpg 1024w\" sizes=\"auto, (max-width: 560px) 100vw, 560px\" \/>\t\t\t\t\t\t\t\t\n\t\t\t\t\t\t\t\t<div class=\"prot_content\">\n\t\t\t\t\t\t\t\t\t<div class=\"prot_content_inner\">\t\t\t\t\t\t\t\t\t\n\t\t\t\t\t\t\t\t\t\t<div class=\"picon\">\n\t\t\t\t\t\t\t\t\t\t\t\t\t\t\t\t\t\t\t\t\t<\/div>\n\t\t\t\t\t\t\t\t\t\t<h3><a href=\"https:\/\/salodebellesaangela.com\/es\/em_portfolios\/cejas-y-pestanas\/\">Cejas y pesta\u00f1as<\/a><\/h3>\n\t\t\t\t\t\t\t\t\t\t\n\t\t\t\t\t\t\t\t\t\t\t\t\t\t\t\t\t\t\n\t\t\t\t\t\t\t\t\t<\/div>\n\t\t\t\t\t\t\t\t<\/div>\t\n\t\t\t\t\t\t\t<\/div>\t\t\t\t\n\t\t\t\t\t\t<\/div>\n\t\t\t\t\t<\/div>\n\t\t\t\t\t\t\n\t\t\t\t\t\t\t\t\t<\/div>\n\t\t\t<\/div>\t\t\t\t\t\n\n\t\t\t\t\t\t<!-- START PAGINATION -->\n\t\t\t<div class=\"row\">\n\t\t\t\t<div class=\"col-md-12\">\n\t\t\t\t\t<div class=\"paginations\">\n\t\t\t\t\t\t\n\t\t\t\t\t\t\t\t\t\t\t<\/div>\n\t\t\t\t<\/div>\n\t\t\t<\/div>\n\t\t\t\t\t<\/div>\n\t\t\t\t<\/div>\n\t\t\t\t\t<\/div>\n\t\t<\/div>\n\t\t\t\t\t\t\t<\/div>\n\t\t<\/section>\n\t\t\t\t\t<\/div>\n\t\t<\/div>\n\t\t\t\t\t\t\t<\/div>\n\t\t<\/section>\n\t\t\t\t\t\t\t<\/div>\n\t\t","protected":false},"excerpt":{"rendered":"<p>Servicios Descubre nuestros servicios Depilaci\u00f3n con cera Tratamientos faciales Fotodepilaci\u00f3n Bronceado Tratamientos corporales Manicuras y pedicuras Cejas y pesta\u00f1as<\/p>\n","protected":false},"author":1,"featured_media":0,"parent":0,"menu_order":0,"comment_status":"closed","ping_status":"closed","template":"template-home.php","meta":{"footnotes":""},"class_list":["post-11683","page","type-page","status-publish","hentry"],"yoast_head":"<!-- This site is optimized with the Yoast SEO plugin v21.3 - https:\/\/yoast.com\/wordpress\/plugins\/seo\/ -->\n<title>Depilaci\u00f3n profesional para una piel suave<\/title>\n<meta name=\"description\" content=\"Nuestra depilaci\u00f3n de calidad te dejar\u00e1 con una piel suave y sedosa. Visita nuestro sal\u00f3n de belleza. \u00a1Cita previa disponible!\" \/>\n<meta name=\"robots\" content=\"index, follow, max-snippet:-1, max-image-preview:large, max-video-preview:-1\" \/>\n<link rel=\"canonical\" href=\"https:\/\/salodebellesaangela.com\/es\/servicios\/\" \/>\n<meta property=\"og:locale\" content=\"es_ES\" \/>\n<meta property=\"og:type\" content=\"article\" \/>\n<meta property=\"og:title\" content=\"Depilaci\u00f3n profesional para una piel suave\" \/>\n<meta property=\"og:description\" content=\"Nuestra depilaci\u00f3n de calidad te dejar\u00e1 con una piel suave y sedosa. Visita nuestro sal\u00f3n de belleza. \u00a1Cita previa disponible!\" \/>\n<meta property=\"og:url\" content=\"https:\/\/salodebellesaangela.com\/es\/servicios\/\" \/>\n<meta property=\"og:site_name\" content=\"Sal\u00f3 De Bellesa \u00c0ngela\" \/>\n<meta property=\"article:publisher\" content=\"https:\/\/www.facebook.com\/salodebellesaangela\" \/>\n<meta property=\"article:modified_time\" content=\"2023-10-27T10:08:58+00:00\" \/>\n<meta property=\"og:image\" content=\"https:\/\/salodebellesaangela.com\/wp-content\/uploads\/2021\/09\/serveis-depilacio-cera-560x560.jpg\" \/>\n<meta name=\"twitter:card\" content=\"summary_large_image\" \/>\n<meta name=\"twitter:label1\" content=\"Tiempo de lectura\" \/>\n\t<meta name=\"twitter:data1\" content=\"2 minutos\" \/>\n<script type=\"application\/ld+json\" class=\"yoast-schema-graph\">{\"@context\":\"https:\/\/schema.org\",\"@graph\":[{\"@type\":\"WebPage\",\"@id\":\"https:\/\/salodebellesaangela.com\/es\/servicios\/\",\"url\":\"https:\/\/salodebellesaangela.com\/es\/servicios\/\",\"name\":\"Depilaci\u00f3n profesional para una piel suave\",\"isPartOf\":{\"@id\":\"https:\/\/salodebellesaangela.com\/#website\"},\"datePublished\":\"2020-06-12T12:06:18+00:00\",\"dateModified\":\"2023-10-27T10:08:58+00:00\",\"description\":\"Nuestra depilaci\u00f3n de calidad te dejar\u00e1 con una piel suave y sedosa. Visita nuestro sal\u00f3n de belleza. \u00a1Cita previa disponible!\",\"breadcrumb\":{\"@id\":\"https:\/\/salodebellesaangela.com\/es\/servicios\/#breadcrumb\"},\"inLanguage\":\"es\",\"potentialAction\":[{\"@type\":\"ReadAction\",\"target\":[\"https:\/\/salodebellesaangela.com\/es\/servicios\/\"]}]},{\"@type\":\"BreadcrumbList\",\"@id\":\"https:\/\/salodebellesaangela.com\/es\/servicios\/#breadcrumb\",\"itemListElement\":[{\"@type\":\"ListItem\",\"position\":1,\"name\":\"Portada\",\"item\":\"https:\/\/salodebellesaangela.com\/es\/\"},{\"@type\":\"ListItem\",\"position\":2,\"name\":\"Servicios\"}]},{\"@type\":\"WebSite\",\"@id\":\"https:\/\/salodebellesaangela.com\/#website\",\"url\":\"https:\/\/salodebellesaangela.com\/\",\"name\":\"Sal\u00f3 De Bellesa \u00c0ngela\",\"description\":\"Descobreix el Sal\u00f3 de Bellesa \u00c0ngela, el teu sal\u00f3 de bellesa de confian\u00e7a a Barcelona des del 1973. Oferim serveis d&#039;est\u00e8tica i salut, incloent manicures, pedicures, tractaments corporals i m\u00e9s.\",\"publisher\":{\"@id\":\"https:\/\/salodebellesaangela.com\/#organization\"},\"potentialAction\":[{\"@type\":\"SearchAction\",\"target\":{\"@type\":\"EntryPoint\",\"urlTemplate\":\"https:\/\/salodebellesaangela.com\/?s={search_term_string}\"},\"query-input\":\"required name=search_term_string\"}],\"inLanguage\":\"es\"},{\"@type\":\"Organization\",\"@id\":\"https:\/\/salodebellesaangela.com\/#organization\",\"name\":\"Sal\u00f3 De Bellesa \u00c0ngela\",\"url\":\"https:\/\/salodebellesaangela.com\/\",\"logo\":{\"@type\":\"ImageObject\",\"inLanguage\":\"es\",\"@id\":\"https:\/\/salodebellesaangela.com\/#\/schema\/logo\/image\/\",\"url\":\"https:\/\/salodebellesaangela.com\/wp-content\/uploads\/2023\/08\/cropped-logo_salon-e1692517003722.jpg\",\"contentUrl\":\"https:\/\/salodebellesaangela.com\/wp-content\/uploads\/2023\/08\/cropped-logo_salon-e1692517003722.jpg\",\"width\":125,\"height\":125,\"caption\":\"Sal\u00f3 De Bellesa \u00c0ngela\"},\"image\":{\"@id\":\"https:\/\/salodebellesaangela.com\/#\/schema\/logo\/image\/\"},\"sameAs\":[\"https:\/\/www.facebook.com\/salodebellesaangela\",\"https:\/\/www.instagram.com\/salodebellesaangela\/\"]}]}<\/script>\n<!-- \/ Yoast SEO plugin. -->","yoast_head_json":{"title":"Depilaci\u00f3n profesional para una piel suave","description":"Nuestra depilaci\u00f3n de calidad te dejar\u00e1 con una piel suave y sedosa. Visita nuestro sal\u00f3n de belleza. \u00a1Cita previa disponible!","robots":{"index":"index","follow":"follow","max-snippet":"max-snippet:-1","max-image-preview":"max-image-preview:large","max-video-preview":"max-video-preview:-1"},"canonical":"https:\/\/salodebellesaangela.com\/es\/servicios\/","og_locale":"es_ES","og_type":"article","og_title":"Depilaci\u00f3n profesional para una piel suave","og_description":"Nuestra depilaci\u00f3n de calidad te dejar\u00e1 con una piel suave y sedosa. Visita nuestro sal\u00f3n de belleza. \u00a1Cita previa disponible!","og_url":"https:\/\/salodebellesaangela.com\/es\/servicios\/","og_site_name":"Sal\u00f3 De Bellesa \u00c0ngela","article_publisher":"https:\/\/www.facebook.com\/salodebellesaangela","article_modified_time":"2023-10-27T10:08:58+00:00","og_image":[{"url":"https:\/\/salodebellesaangela.com\/wp-content\/uploads\/2021\/09\/serveis-depilacio-cera-560x560.jpg"}],"twitter_card":"summary_large_image","twitter_misc":{"Tiempo de lectura":"2 minutos"},"schema":{"@context":"https:\/\/schema.org","@graph":[{"@type":"WebPage","@id":"https:\/\/salodebellesaangela.com\/es\/servicios\/","url":"https:\/\/salodebellesaangela.com\/es\/servicios\/","name":"Depilaci\u00f3n profesional para una piel suave","isPartOf":{"@id":"https:\/\/salodebellesaangela.com\/#website"},"datePublished":"2020-06-12T12:06:18+00:00","dateModified":"2023-10-27T10:08:58+00:00","description":"Nuestra depilaci\u00f3n de calidad te dejar\u00e1 con una piel suave y sedosa. Visita nuestro sal\u00f3n de belleza. \u00a1Cita previa disponible!","breadcrumb":{"@id":"https:\/\/salodebellesaangela.com\/es\/servicios\/#breadcrumb"},"inLanguage":"es","potentialAction":[{"@type":"ReadAction","target":["https:\/\/salodebellesaangela.com\/es\/servicios\/"]}]},{"@type":"BreadcrumbList","@id":"https:\/\/salodebellesaangela.com\/es\/servicios\/#breadcrumb","itemListElement":[{"@type":"ListItem","position":1,"name":"Portada","item":"https:\/\/salodebellesaangela.com\/es\/"},{"@type":"ListItem","position":2,"name":"Servicios"}]},{"@type":"WebSite","@id":"https:\/\/salodebellesaangela.com\/#website","url":"https:\/\/salodebellesaangela.com\/","name":"Sal\u00f3 De Bellesa \u00c0ngela","description":"Descobreix el Sal\u00f3 de Bellesa \u00c0ngela, el teu sal\u00f3 de bellesa de confian\u00e7a a Barcelona des del 1973. Oferim serveis d&#039;est\u00e8tica i salut, incloent manicures, pedicures, tractaments corporals i m\u00e9s.","publisher":{"@id":"https:\/\/salodebellesaangela.com\/#organization"},"potentialAction":[{"@type":"SearchAction","target":{"@type":"EntryPoint","urlTemplate":"https:\/\/salodebellesaangela.com\/?s={search_term_string}"},"query-input":"required name=search_term_string"}],"inLanguage":"es"},{"@type":"Organization","@id":"https:\/\/salodebellesaangela.com\/#organization","name":"Sal\u00f3 De Bellesa \u00c0ngela","url":"https:\/\/salodebellesaangela.com\/","logo":{"@type":"ImageObject","inLanguage":"es","@id":"https:\/\/salodebellesaangela.com\/#\/schema\/logo\/image\/","url":"https:\/\/salodebellesaangela.com\/wp-content\/uploads\/2023\/08\/cropped-logo_salon-e1692517003722.jpg","contentUrl":"https:\/\/salodebellesaangela.com\/wp-content\/uploads\/2023\/08\/cropped-logo_salon-e1692517003722.jpg","width":125,"height":125,"caption":"Sal\u00f3 De Bellesa \u00c0ngela"},"image":{"@id":"https:\/\/salodebellesaangela.com\/#\/schema\/logo\/image\/"},"sameAs":["https:\/\/www.facebook.com\/salodebellesaangela","https:\/\/www.instagram.com\/salodebellesaangela\/"]}]}},"_links":{"self":[{"href":"https:\/\/salodebellesaangela.com\/es\/wp-json\/wp\/v2\/pages\/11683","targetHints":{"allow":["GET"]}}],"collection":[{"href":"https:\/\/salodebellesaangela.com\/es\/wp-json\/wp\/v2\/pages"}],"about":[{"href":"https:\/\/salodebellesaangela.com\/es\/wp-json\/wp\/v2\/types\/page"}],"author":[{"embeddable":true,"href":"https:\/\/salodebellesaangela.com\/es\/wp-json\/wp\/v2\/users\/1"}],"replies":[{"embeddable":true,"href":"https:\/\/salodebellesaangela.com\/es\/wp-json\/wp\/v2\/comments?post=11683"}],"version-history":[{"count":8,"href":"https:\/\/salodebellesaangela.com\/es\/wp-json\/wp\/v2\/pages\/11683\/revisions"}],"predecessor-version":[{"id":11793,"href":"https:\/\/salodebellesaangela.com\/es\/wp-json\/wp\/v2\/pages\/11683\/revisions\/11793"}],"wp:attachment":[{"href":"https:\/\/salodebellesaangela.com\/es\/wp-json\/wp\/v2\/media?parent=11683"}],"curies":[{"name":"wp","href":"https:\/\/api.w.org\/{rel}","templated":true}]}}