{"id":11678,"date":"2023-08-20T00:44:37","date_gmt":"2023-08-20T00:44:37","guid":{"rendered":"https:\/\/salodebellesaangela.com\/sobre-nosaltres\/"},"modified":"2023-10-27T10:06:17","modified_gmt":"2023-10-27T10:06:17","slug":"sobre-nosotras","status":"publish","type":"page","link":"https:\/\/salodebellesaangela.com\/es\/sobre-nosotras\/","title":{"rendered":"Sobre nosotras"},"content":{"rendered":"\t\t<div data-elementor-type=\"wp-page\" data-elementor-id=\"11678\" class=\"elementor elementor-11678 elementor-463\">\n\t\t\t\t\t\t\t\t\t<section class=\"elementor-section elementor-top-section elementor-element elementor-element-dd3559e elementor-section-boxed elementor-section-height-default elementor-section-height-default\" data-id=\"dd3559e\" data-element_type=\"section\">\n\t\t\t\t\t\t<div class=\"elementor-container elementor-column-gap-default\">\n\t\t\t\t\t<div class=\"elementor-column elementor-col-50 elementor-top-column elementor-element elementor-element-7e50d20\" data-id=\"7e50d20\" data-element_type=\"column\">\n\t\t\t<div class=\"elementor-widget-wrap elementor-element-populated\">\n\t\t\t\t\t\t\t\t<div class=\"elementor-element elementor-element-ed55109 poket-star-rating--align-center elementor-widget elementor-widget-witr_section_s_image\" data-id=\"ed55109\" data-element_type=\"widget\" data-widget_type=\"witr_section_s_image.default\">\n\t\t\t\t<div class=\"elementor-widget-container\">\n\t\t\t\t\n\t\t<div class=\"single_image_area\">\n\t\t\t<div class=\"single_image single_line_option  \">\n\t\t\t\t<!-- image -->\n\t\t\t\t<img loading=\"lazy\" decoding=\"async\" width=\"1024\" height=\"548\" src=\"https:\/\/salodebellesaangela.com\/wp-content\/uploads\/2023\/08\/angela-i-carme-1-1024x548.png\" class=\"attachment-large size-large wp-image-10918\" alt=\"\" srcset=\"https:\/\/salodebellesaangela.com\/wp-content\/uploads\/2023\/08\/angela-i-carme-1-1024x548.png 1024w, https:\/\/salodebellesaangela.com\/wp-content\/uploads\/2023\/08\/angela-i-carme-1-300x161.png 300w, https:\/\/salodebellesaangela.com\/wp-content\/uploads\/2023\/08\/angela-i-carme-1-768x411.png 768w, https:\/\/salodebellesaangela.com\/wp-content\/uploads\/2023\/08\/angela-i-carme-1.png 1280w\" sizes=\"auto, (max-width: 1024px) 100vw, 1024px\" \/>\t\t\n\t\t\t\t\t\t\t\t\t\t\t<\/div>\n\t\t<\/div>\n\t\t\t\n\t\t\t\n\t\t\n\t\t\t\n\t\t\t\t<\/div>\n\t\t\t\t<\/div>\n\t\t\t\t\t<\/div>\n\t\t<\/div>\n\t\t\t\t<div class=\"elementor-column elementor-col-50 elementor-top-column elementor-element elementor-element-1ef8031\" data-id=\"1ef8031\" data-element_type=\"column\">\n\t\t\t<div class=\"elementor-widget-wrap elementor-element-populated\">\n\t\t\t\t\t\t\t\t<div class=\"elementor-element elementor-element-ff673c8 poket-star-rating--align-center elementor-widget elementor-widget-witr_section_title\" data-id=\"ff673c8\" data-element_type=\"widget\" data-widget_type=\"witr_section_title.default\">\n\t\t\t\t<div class=\"elementor-widget-container\">\n\t\t\t\t\t\t\t\t<!-- title center -->\n\t\t\t\t\t<div class=\"witr_section_title\">\n\t\t\t\t\t\t<div class=\"witr_section_title_inner text-center\">\n\n\t\t\t\t\t\t\t<!-- icon position -->\n\t\t\t\t\t\t\t\t\n\t\t\t\t\t\t\t<!-- end icon position -->\n\t\t\t\t\t\t\t\n\t\t\t\t\t\t\n\t\t\t\t\t\t\t<!-- title top -->\n\t\t\t\t\t\t\t\t\t\t\t\t\t\t\t<h2><h1>Sal\u00f3n de belleza \u00c1ngela<\/h1><\/h2>\t\t\n\t\t\t\t\t\t\t\n\n\t\t\t\t\t\t\t<!-- icon position -->\n\t\t\t\t\t\t\t\t\n\t\t\t\t\t\t\t<!-- end icon position -->\n\n\n\t\t\t\t\t\t\t\n\t\t\t\t\t\t\t<!-- title middle -->\n\t\t\t\t\t\t\t\t\t\t\t\t\t\t<!-- title bottom -->\n\t\t\t\t\t\t\t\n\t\t\t\t\t\t\t\n\t\t\t\t\t\t\t\n\t\t\t\t\t\t\t\t\t\t\t\t\t\t\n\t\t\t\t\t\t\t<!-- image -->\n\t\t\t\t\t\t\t\t\t\t\t\t\t\t<!-- icon -->\n\t\t\t\t\t\t\t\t\t\t\t\t\t\t\n\t\t\t\t\t\t\t<!-- bar -->\n\t\t\t\t\t\t\t\t\t\t\t\t\t\t<!-- circle bar -->\n\t\t\t\t\t\t\t\t\t\t\t\t\t\t\n\t\t\t\t\t\t\t\t\n\t\t\t\t\t\t\t\n\n\t\t\t\t\t\t\t\n\t\t\t\t\t\t\t<!-- content -->\n\t\t\t\t\t\t\t\t\t\t\t\t\t\t\n\t\t\t\t\t\t<\/div>\n\t\t\t\t\t\t\t<!-- inner title -->\n\t\t\t\t\t\t\t\t\t\t\t\t\t\n\t\t\t\t\t<\/div>\n\n\t\t\t\t\t\t<\/div>\n\t\t\t\t<\/div>\n\t\t\t\t<div class=\"elementor-element elementor-element-b0e693d elementor-widget elementor-widget-text-editor\" data-id=\"b0e693d\" data-element_type=\"widget\" data-widget_type=\"text-editor.default\">\n\t\t\t\t<div class=\"elementor-widget-container\">\n\t\t\t<style>\/*! elementor - v3.16.0 - 20-09-2023 *\/\n.elementor-widget-text-editor.elementor-drop-cap-view-stacked .elementor-drop-cap{background-color:#69727d;color:#fff}.elementor-widget-text-editor.elementor-drop-cap-view-framed .elementor-drop-cap{color:#69727d;border:3px solid;background-color:transparent}.elementor-widget-text-editor:not(.elementor-drop-cap-view-default) .elementor-drop-cap{margin-top:8px}.elementor-widget-text-editor:not(.elementor-drop-cap-view-default) .elementor-drop-cap-letter{width:1em;height:1em}.elementor-widget-text-editor .elementor-drop-cap{float:left;text-align:center;line-height:1;font-size:50px}.elementor-widget-text-editor .elementor-drop-cap-letter{display:inline-block}<\/style>\t\t\t\t<p>Despu\u00e9s de m\u00e1s de 50 a\u00f1os a su lado. El Sal\u00f3n de Belleza \u00c0ngela sigue ofreci\u00e9ndole el mismo trato personalizado que empez\u00f3 \u00c0ngela Clap\u00e9, y que a d\u00eda de hoy su hija Carme Xicola mantiene.<\/p><p>Al mismo tiempo, se renueva y a\u00f1ade un amplio abanico de tratamientos y servicios que van desde la est\u00e9tica hasta la salud.<\/p><p>Si quieres disfrutar de tratamientos como la fotodepilaci\u00f3n, los diferentes tipos de manicuras, tratamientos faciales, masajes terap\u00e9uticos y relajantes entre otros muchos servicios, no dudes en llamar o visitar la web.<\/p><p>En Sal\u00f3n de Belleza \u00c1ngela miramos por ti.<\/p>\t\t\t\t\t\t<\/div>\n\t\t\t\t<\/div>\n\t\t\t\t\t<\/div>\n\t\t<\/div>\n\t\t\t\t\t\t\t<\/div>\n\t\t<\/section>\n\t\t\t\t<section class=\"elementor-section elementor-top-section elementor-element elementor-element-be6ab98 elementor-section-boxed elementor-section-height-default elementor-section-height-default\" data-id=\"be6ab98\" data-element_type=\"section\">\n\t\t\t\t\t\t<div class=\"elementor-container elementor-column-gap-default\">\n\t\t\t\t\t<div class=\"elementor-column elementor-col-100 elementor-top-column elementor-element elementor-element-6568d33\" data-id=\"6568d33\" data-element_type=\"column\">\n\t\t\t<div class=\"elementor-widget-wrap elementor-element-populated\">\n\t\t\t\t\t\t\t\t<div class=\"elementor-element elementor-element-64c2cd3 poket-star-rating--align-center elementor-widget elementor-widget-witr_section_title\" data-id=\"64c2cd3\" data-element_type=\"widget\" data-widget_type=\"witr_section_title.default\">\n\t\t\t\t<div class=\"elementor-widget-container\">\n\t\t\t\t\t\t\t\t<!-- title center -->\n\t\t\t\t\t<div class=\"witr_section_title\">\n\t\t\t\t\t\t<div class=\"witr_section_title_inner text-center\">\n\n\t\t\t\t\t\t\t<!-- icon position -->\n\t\t\t\t\t\t\t\t\n\t\t\t\t\t\t\t<!-- end icon position -->\n\t\t\t\t\t\t\t\n\t\t\t\t\t\t\n\t\t\t\t\t\t\t<!-- title top -->\n\t\t\t\t\t\t\t\t\t\t\t\t\t\t\t<h2>Estamos en formaci\u00f3n y continua evoluci\u00f3n. Cursos certificados por:<\/h2>\t\t\n\t\t\t\t\t\t\t\n\n\t\t\t\t\t\t\t<!-- icon position -->\n\t\t\t\t\t\t\t\t\n\t\t\t\t\t\t\t<!-- end icon position -->\n\n\n\t\t\t\t\t\t\t\n\t\t\t\t\t\t\t<!-- title middle -->\n\t\t\t\t\t\t\t\t\t\t\t\t\t\t<!-- title bottom -->\n\t\t\t\t\t\t\t\n\t\t\t\t\t\t\t\n\t\t\t\t\t\t\t\n\t\t\t\t\t\t\t\t\t\t\t\t\t\t\n\t\t\t\t\t\t\t<!-- image -->\n\t\t\t\t\t\t\t\t\t\t\t\t\t\t<!-- icon -->\n\t\t\t\t\t\t\t\t\t\t\t\t\t\t\n\t\t\t\t\t\t\t<!-- bar -->\n\t\t\t\t\t\t\t\t\t\t\t\t\t\t<!-- circle bar -->\n\t\t\t\t\t\t\t\t\t\t\t\t\t\t\n\t\t\t\t\t\t\t\t\n\t\t\t\t\t\t\t\n\n\t\t\t\t\t\t\t\n\t\t\t\t\t\t\t<!-- content -->\n\t\t\t\t\t\t\t\t\t\t\t\t\t\t\n\t\t\t\t\t\t<\/div>\n\t\t\t\t\t\t\t<!-- inner title -->\n\t\t\t\t\t\t\t\t\t\t\t\t\t\n\t\t\t\t\t<\/div>\n\n\t\t\t\t\t\t<\/div>\n\t\t\t\t<\/div>\n\t\t\t\t<div class=\"elementor-element elementor-element-a7ecc69 elementor-widget elementor-widget-image-carousel\" data-id=\"a7ecc69\" data-element_type=\"widget\" data-settings=\"{&quot;slides_to_show&quot;:&quot;4&quot;,&quot;navigation&quot;:&quot;none&quot;,&quot;infinite&quot;:&quot;no&quot;,&quot;image_spacing_custom&quot;:{&quot;unit&quot;:&quot;px&quot;,&quot;size&quot;:44,&quot;sizes&quot;:[]},&quot;autoplay&quot;:&quot;yes&quot;,&quot;pause_on_hover&quot;:&quot;yes&quot;,&quot;pause_on_interaction&quot;:&quot;yes&quot;,&quot;autoplay_speed&quot;:5000,&quot;speed&quot;:500,&quot;image_spacing_custom_tablet&quot;:{&quot;unit&quot;:&quot;px&quot;,&quot;size&quot;:&quot;&quot;,&quot;sizes&quot;:[]},&quot;image_spacing_custom_mobile&quot;:{&quot;unit&quot;:&quot;px&quot;,&quot;size&quot;:&quot;&quot;,&quot;sizes&quot;:[]}}\" data-widget_type=\"image-carousel.default\">\n\t\t\t\t<div class=\"elementor-widget-container\">\n\t\t\t<style>\/*! elementor - v3.16.0 - 20-09-2023 *\/\n.elementor-widget-image-carousel .swiper,.elementor-widget-image-carousel .swiper-container{position:static}.elementor-widget-image-carousel .swiper-container .swiper-slide figure,.elementor-widget-image-carousel .swiper .swiper-slide figure{line-height:inherit}.elementor-widget-image-carousel .swiper-slide{text-align:center}.elementor-image-carousel-wrapper:not(.swiper-container-initialized):not(.swiper-initialized) .swiper-slide{max-width:calc(100% \/ var(--e-image-carousel-slides-to-show, 3))}<\/style>\t\t<div class=\"elementor-image-carousel-wrapper swiper\" dir=\"ltr\">\n\t\t\t<div class=\"elementor-image-carousel swiper-wrapper\" aria-live=\"off\">\n\t\t\t\t\t\t\t\t<div class=\"swiper-slide\" role=\"group\" aria-roledescription=\"slide\" aria-label=\"1 de 4\"><figure class=\"swiper-slide-inner\"><img decoding=\"async\" class=\"swiper-slide-image\" src=\"https:\/\/salodebellesaangela.com\/wp-content\/uploads\/2023\/08\/beauty-coach-tittle-1024x283-1.png\" alt=\"beauty-coach-tittle-1024x283\" \/><\/figure><\/div><div class=\"swiper-slide\" role=\"group\" aria-roledescription=\"slide\" aria-label=\"2 de 4\"><figure class=\"swiper-slide-inner\"><img decoding=\"async\" class=\"swiper-slide-image\" src=\"https:\/\/salodebellesaangela.com\/wp-content\/uploads\/2023\/08\/Captura.png\" alt=\"Captura\" \/><\/figure><\/div><div class=\"swiper-slide\" role=\"group\" aria-roledescription=\"slide\" aria-label=\"3 de 4\"><figure class=\"swiper-slide-inner\"><img decoding=\"async\" class=\"swiper-slide-image\" src=\"https:\/\/salodebellesaangela.com\/wp-content\/uploads\/2023\/08\/dep-ensenyament-logo.png\" alt=\"dep-ensenyament-logo\" \/><\/figure><\/div><div class=\"swiper-slide\" role=\"group\" aria-roledescription=\"slide\" aria-label=\"4 de 4\"><figure class=\"swiper-slide-inner\"><img decoding=\"async\" class=\"swiper-slide-image\" src=\"https:\/\/salodebellesaangela.com\/wp-content\/uploads\/2023\/08\/CC_CASANOVA-1.jpg\" alt=\"CC_CASANOVA\" \/><\/figure><\/div>\t\t\t<\/div>\n\t\t\t\t\t\t\t\n\t\t\t\t\t\t\t\t\t<\/div>\n\t\t\t\t<\/div>\n\t\t\t\t<\/div>\n\t\t\t\t\t<\/div>\n\t\t<\/div>\n\t\t\t\t\t\t\t<\/div>\n\t\t<\/section>\n\t\t\t\t\t\t\t<\/div>\n\t\t","protected":false},"excerpt":{"rendered":"<p>Sal\u00f3n de belleza \u00c1ngela Despu\u00e9s de m\u00e1s de 50 a\u00f1os a su lado. El Sal\u00f3n de Belleza \u00c0ngela sigue ofreci\u00e9ndole el mismo trato personalizado que empez\u00f3 \u00c0ngela Clap\u00e9, y que a d\u00eda de hoy su hija Carme Xicola mantiene. Al mismo tiempo, se renueva y a\u00f1ade un amplio abanico de tratamientos y servicios que van [&hellip;]<\/p>\n","protected":false},"author":1,"featured_media":0,"parent":0,"menu_order":0,"comment_status":"closed","ping_status":"closed","template":"template-home.php","meta":{"footnotes":""},"class_list":["post-11678","page","type-page","status-publish","hentry"],"yoast_head":"<!-- This site is optimized with the Yoast SEO plugin v21.3 - https:\/\/yoast.com\/wordpress\/plugins\/seo\/ -->\n<title>Bienvenido a tu Oasis de Belleza<\/title>\n<meta name=\"description\" content=\"Experimenta la belleza en su m\u00e1xima expresi\u00f3n. Tratamientos faciales, manicuras y pedicuras. \u00a1D\u00e9janos cuidarte!\" \/>\n<meta name=\"robots\" content=\"index, follow, max-snippet:-1, max-image-preview:large, max-video-preview:-1\" \/>\n<link rel=\"canonical\" href=\"https:\/\/salodebellesaangela.com\/es\/sobre-nosotras\/\" \/>\n<meta property=\"og:locale\" content=\"es_ES\" \/>\n<meta property=\"og:type\" content=\"article\" \/>\n<meta property=\"og:title\" content=\"Bienvenido a tu Oasis de Belleza\" \/>\n<meta property=\"og:description\" content=\"Experimenta la belleza en su m\u00e1xima expresi\u00f3n. Tratamientos faciales, manicuras y pedicuras. \u00a1D\u00e9janos cuidarte!\" \/>\n<meta property=\"og:url\" content=\"https:\/\/salodebellesaangela.com\/es\/sobre-nosotras\/\" \/>\n<meta property=\"og:site_name\" content=\"Sal\u00f3 De Bellesa \u00c0ngela\" \/>\n<meta property=\"article:publisher\" content=\"https:\/\/www.facebook.com\/salodebellesaangela\" \/>\n<meta property=\"article:modified_time\" content=\"2023-10-27T10:06:17+00:00\" \/>\n<meta property=\"og:image\" content=\"https:\/\/salodebellesaangela.com\/wp-content\/uploads\/2023\/08\/angela-i-carme-1-1024x548.png\" \/>\n<meta name=\"twitter:card\" content=\"summary_large_image\" \/>\n<meta name=\"twitter:label1\" content=\"Tiempo de lectura\" \/>\n\t<meta name=\"twitter:data1\" content=\"2 minutos\" \/>\n<script type=\"application\/ld+json\" class=\"yoast-schema-graph\">{\"@context\":\"https:\/\/schema.org\",\"@graph\":[{\"@type\":\"WebPage\",\"@id\":\"https:\/\/salodebellesaangela.com\/es\/sobre-nosotras\/\",\"url\":\"https:\/\/salodebellesaangela.com\/es\/sobre-nosotras\/\",\"name\":\"Bienvenido a tu Oasis de Belleza\",\"isPartOf\":{\"@id\":\"https:\/\/salodebellesaangela.com\/#website\"},\"datePublished\":\"2023-08-20T00:44:37+00:00\",\"dateModified\":\"2023-10-27T10:06:17+00:00\",\"description\":\"Experimenta la belleza en su m\u00e1xima expresi\u00f3n. Tratamientos faciales, manicuras y pedicuras. \u00a1D\u00e9janos cuidarte!\",\"breadcrumb\":{\"@id\":\"https:\/\/salodebellesaangela.com\/es\/sobre-nosotras\/#breadcrumb\"},\"inLanguage\":\"es\",\"potentialAction\":[{\"@type\":\"ReadAction\",\"target\":[\"https:\/\/salodebellesaangela.com\/es\/sobre-nosotras\/\"]}]},{\"@type\":\"BreadcrumbList\",\"@id\":\"https:\/\/salodebellesaangela.com\/es\/sobre-nosotras\/#breadcrumb\",\"itemListElement\":[{\"@type\":\"ListItem\",\"position\":1,\"name\":\"Portada\",\"item\":\"https:\/\/salodebellesaangela.com\/es\/\"},{\"@type\":\"ListItem\",\"position\":2,\"name\":\"Sobre nosotras\"}]},{\"@type\":\"WebSite\",\"@id\":\"https:\/\/salodebellesaangela.com\/#website\",\"url\":\"https:\/\/salodebellesaangela.com\/\",\"name\":\"Sal\u00f3 De Bellesa \u00c0ngela\",\"description\":\"Descobreix el Sal\u00f3 de Bellesa \u00c0ngela, el teu sal\u00f3 de bellesa de confian\u00e7a a Barcelona des del 1973. Oferim serveis d&#039;est\u00e8tica i salut, incloent manicures, pedicures, tractaments corporals i m\u00e9s.\",\"publisher\":{\"@id\":\"https:\/\/salodebellesaangela.com\/#organization\"},\"potentialAction\":[{\"@type\":\"SearchAction\",\"target\":{\"@type\":\"EntryPoint\",\"urlTemplate\":\"https:\/\/salodebellesaangela.com\/?s={search_term_string}\"},\"query-input\":\"required name=search_term_string\"}],\"inLanguage\":\"es\"},{\"@type\":\"Organization\",\"@id\":\"https:\/\/salodebellesaangela.com\/#organization\",\"name\":\"Sal\u00f3 De Bellesa \u00c0ngela\",\"url\":\"https:\/\/salodebellesaangela.com\/\",\"logo\":{\"@type\":\"ImageObject\",\"inLanguage\":\"es\",\"@id\":\"https:\/\/salodebellesaangela.com\/#\/schema\/logo\/image\/\",\"url\":\"https:\/\/salodebellesaangela.com\/wp-content\/uploads\/2023\/08\/cropped-logo_salon-e1692517003722.jpg\",\"contentUrl\":\"https:\/\/salodebellesaangela.com\/wp-content\/uploads\/2023\/08\/cropped-logo_salon-e1692517003722.jpg\",\"width\":125,\"height\":125,\"caption\":\"Sal\u00f3 De Bellesa \u00c0ngela\"},\"image\":{\"@id\":\"https:\/\/salodebellesaangela.com\/#\/schema\/logo\/image\/\"},\"sameAs\":[\"https:\/\/www.facebook.com\/salodebellesaangela\",\"https:\/\/www.instagram.com\/salodebellesaangela\/\"]}]}<\/script>\n<!-- \/ Yoast SEO plugin. -->","yoast_head_json":{"title":"Bienvenido a tu Oasis de Belleza","description":"Experimenta la belleza en su m\u00e1xima expresi\u00f3n. Tratamientos faciales, manicuras y pedicuras. \u00a1D\u00e9janos cuidarte!","robots":{"index":"index","follow":"follow","max-snippet":"max-snippet:-1","max-image-preview":"max-image-preview:large","max-video-preview":"max-video-preview:-1"},"canonical":"https:\/\/salodebellesaangela.com\/es\/sobre-nosotras\/","og_locale":"es_ES","og_type":"article","og_title":"Bienvenido a tu Oasis de Belleza","og_description":"Experimenta la belleza en su m\u00e1xima expresi\u00f3n. Tratamientos faciales, manicuras y pedicuras. \u00a1D\u00e9janos cuidarte!","og_url":"https:\/\/salodebellesaangela.com\/es\/sobre-nosotras\/","og_site_name":"Sal\u00f3 De Bellesa \u00c0ngela","article_publisher":"https:\/\/www.facebook.com\/salodebellesaangela","article_modified_time":"2023-10-27T10:06:17+00:00","og_image":[{"url":"https:\/\/salodebellesaangela.com\/wp-content\/uploads\/2023\/08\/angela-i-carme-1-1024x548.png"}],"twitter_card":"summary_large_image","twitter_misc":{"Tiempo de lectura":"2 minutos"},"schema":{"@context":"https:\/\/schema.org","@graph":[{"@type":"WebPage","@id":"https:\/\/salodebellesaangela.com\/es\/sobre-nosotras\/","url":"https:\/\/salodebellesaangela.com\/es\/sobre-nosotras\/","name":"Bienvenido a tu Oasis de Belleza","isPartOf":{"@id":"https:\/\/salodebellesaangela.com\/#website"},"datePublished":"2023-08-20T00:44:37+00:00","dateModified":"2023-10-27T10:06:17+00:00","description":"Experimenta la belleza en su m\u00e1xima expresi\u00f3n. Tratamientos faciales, manicuras y pedicuras. \u00a1D\u00e9janos cuidarte!","breadcrumb":{"@id":"https:\/\/salodebellesaangela.com\/es\/sobre-nosotras\/#breadcrumb"},"inLanguage":"es","potentialAction":[{"@type":"ReadAction","target":["https:\/\/salodebellesaangela.com\/es\/sobre-nosotras\/"]}]},{"@type":"BreadcrumbList","@id":"https:\/\/salodebellesaangela.com\/es\/sobre-nosotras\/#breadcrumb","itemListElement":[{"@type":"ListItem","position":1,"name":"Portada","item":"https:\/\/salodebellesaangela.com\/es\/"},{"@type":"ListItem","position":2,"name":"Sobre nosotras"}]},{"@type":"WebSite","@id":"https:\/\/salodebellesaangela.com\/#website","url":"https:\/\/salodebellesaangela.com\/","name":"Sal\u00f3 De Bellesa \u00c0ngela","description":"Descobreix el Sal\u00f3 de Bellesa \u00c0ngela, el teu sal\u00f3 de bellesa de confian\u00e7a a Barcelona des del 1973. Oferim serveis d&#039;est\u00e8tica i salut, incloent manicures, pedicures, tractaments corporals i m\u00e9s.","publisher":{"@id":"https:\/\/salodebellesaangela.com\/#organization"},"potentialAction":[{"@type":"SearchAction","target":{"@type":"EntryPoint","urlTemplate":"https:\/\/salodebellesaangela.com\/?s={search_term_string}"},"query-input":"required name=search_term_string"}],"inLanguage":"es"},{"@type":"Organization","@id":"https:\/\/salodebellesaangela.com\/#organization","name":"Sal\u00f3 De Bellesa \u00c0ngela","url":"https:\/\/salodebellesaangela.com\/","logo":{"@type":"ImageObject","inLanguage":"es","@id":"https:\/\/salodebellesaangela.com\/#\/schema\/logo\/image\/","url":"https:\/\/salodebellesaangela.com\/wp-content\/uploads\/2023\/08\/cropped-logo_salon-e1692517003722.jpg","contentUrl":"https:\/\/salodebellesaangela.com\/wp-content\/uploads\/2023\/08\/cropped-logo_salon-e1692517003722.jpg","width":125,"height":125,"caption":"Sal\u00f3 De Bellesa \u00c0ngela"},"image":{"@id":"https:\/\/salodebellesaangela.com\/#\/schema\/logo\/image\/"},"sameAs":["https:\/\/www.facebook.com\/salodebellesaangela","https:\/\/www.instagram.com\/salodebellesaangela\/"]}]}},"_links":{"self":[{"href":"https:\/\/salodebellesaangela.com\/es\/wp-json\/wp\/v2\/pages\/11678","targetHints":{"allow":["GET"]}}],"collection":[{"href":"https:\/\/salodebellesaangela.com\/es\/wp-json\/wp\/v2\/pages"}],"about":[{"href":"https:\/\/salodebellesaangela.com\/es\/wp-json\/wp\/v2\/types\/page"}],"author":[{"embeddable":true,"href":"https:\/\/salodebellesaangela.com\/es\/wp-json\/wp\/v2\/users\/1"}],"replies":[{"embeddable":true,"href":"https:\/\/salodebellesaangela.com\/es\/wp-json\/wp\/v2\/comments?post=11678"}],"version-history":[{"count":13,"href":"https:\/\/salodebellesaangela.com\/es\/wp-json\/wp\/v2\/pages\/11678\/revisions"}],"predecessor-version":[{"id":11784,"href":"https:\/\/salodebellesaangela.com\/es\/wp-json\/wp\/v2\/pages\/11678\/revisions\/11784"}],"wp:attachment":[{"href":"https:\/\/salodebellesaangela.com\/es\/wp-json\/wp\/v2\/media?parent=11678"}],"curies":[{"name":"wp","href":"https:\/\/api.w.org\/{rel}","templated":true}]}}